{"id":9783952534722,"date":"2023-09-04T13:35:06","date_gmt":"2023-09-04T13:35:06","guid":{"rendered":"https:\/\/www.herzladen.ch\/webshop\/?post_type=product&#038;p=9783952534722"},"modified":"2024-05-08T09:29:15","modified_gmt":"2024-05-08T09:29:15","slug":"schlafplatz-harmonisierungsplatte","status":"publish","type":"product","link":"https:\/\/www.herzladen.ch\/webshop\/?product=schlafplatz-harmonisierungsplatte","title":{"rendered":"Schlafplatz-Harmonisierungsplatte"},"content":{"rendered":"<p>Erkl\u00e4ren Sie Ihr Bett zur st\u00f6rfreien Zone!<\/p>\n<p>&#8211; Neutralisiert geopathogene St\u00f6rfelder und Elektrosmog vollst\u00e4ndig.<br \/>&#8211; Verbessert die Schlafqualit\u00e4t und Regenerationsf\u00e4higkeit.<br \/>&#8211; Kein Umstellen des Schlafplatzes erforderlich.<\/p>\n<p>Lieferumfang: 1 Stk. Schlafplatz-Harmonisierungsplatte (f\u00fcr 1 Person) inkl. Beschreibung. Gr\u00f6\u00dfe: 29,7cm x 21cm mit abgerundeten Kanten.<\/p>\n","protected":false},"excerpt":{"rendered":"<p>Erkl\u00e4ren Sie Ihr Bett zur st\u00f6rfreien Zone! &#8211; Neutralisiert geopathogene St\u00f6rfelder und Elektrosmog vollst\u00e4ndig.&#8211; Verbessert die Schlafqualit\u00e4t und Regenerationsf\u00e4higkeit.&#8211; Kein Umstellen des Schlafplatzes erforderlich. Lieferumfang: 1 Stk. Schlafplatz-Harmonisierungsplatte (f\u00fcr 1 Person) inkl. Beschreibung. Gr\u00f6\u00dfe: 29,7cm x 21cm mit abgerundeten Kanten.<\/p>\n","protected":false},"featured_media":9783952534510,"comment_status":"open","ping_status":"closed","template":"","meta":[],"product_brand":[],"product_cat":[110],"product_tag":[126],"class_list":{"0":"post-9783952534722","1":"product","2":"type-product","3":"status-publish","4":"has-post-thumbnail","6":"product_cat-alpha-energy","7":"product_tag-alpha-energy","9":"first","10":"instock","11":"shipping-taxable","12":"purchasable","13":"product-type-simple"},"yoast_head":"<!-- This site is optimized with the Yoast SEO plugin v26.6 - https:\/\/yoast.com\/wordpress\/plugins\/seo\/ -->\n<title>Schlafplatz-Harmonisierungsplatte - HERZLADEN - Lichtvoll f\u00fcr Mensch, Tier und Mutter Erde - Webshop<\/title>\n<meta name=\"robots\" content=\"index, follow, max-snippet:-1, max-image-preview:large, max-video-preview:-1\" \/>\n<link rel=\"canonical\" href=\"https:\/\/www.herzladen.ch\/webshop\/?product=schlafplatz-harmonisierungsplatte\" \/>\n<meta property=\"og:locale\" content=\"de_DE\" \/>\n<meta property=\"og:type\" content=\"article\" \/>\n<meta property=\"og:title\" content=\"Schlafplatz-Harmonisierungsplatte - HERZLADEN - Lichtvoll f\u00fcr Mensch, Tier und Mutter Erde - Webshop\" \/>\n<meta property=\"og:description\" content=\"Erkl\u00e4ren Sie Ihr Bett zur st\u00f6rfreien Zone! &#8211; Neutralisiert geopathogene St\u00f6rfelder und Elektrosmog vollst\u00e4ndig.&#8211; Verbessert die Schlafqualit\u00e4t und Regenerationsf\u00e4higkeit.&#8211; Kein Umstellen des Schlafplatzes erforderlich. Lieferumfang: 1 Stk. Schlafplatz-Harmonisierungsplatte (f\u00fcr 1 Person) inkl. Beschreibung. Gr\u00f6\u00dfe: 29,7cm x 21cm mit abgerundeten Kanten.\" \/>\n<meta property=\"og:url\" content=\"https:\/\/www.herzladen.ch\/webshop\/?product=schlafplatz-harmonisierungsplatte\" \/>\n<meta property=\"og:site_name\" content=\"HERZLADEN - Lichtvoll f\u00fcr Mensch, Tier und Mutter Erde - Webshop\" \/>\n<meta property=\"article:modified_time\" content=\"2024-05-08T09:29:15+00:00\" \/>\n<meta property=\"og:image\" content=\"https:\/\/www.herzladen.ch\/webshop\/wp-content\/uploads\/2023\/09\/ae-5020.jpg\" \/>\n\t<meta property=\"og:image:width\" content=\"800\" \/>\n\t<meta property=\"og:image:height\" content=\"805\" \/>\n\t<meta property=\"og:image:type\" content=\"image\/jpeg\" \/>\n<meta name=\"twitter:card\" content=\"summary_large_image\" \/>\n<script type=\"application\/ld+json\" class=\"yoast-schema-graph\">{\"@context\":\"https:\/\/schema.org\",\"@graph\":[{\"@type\":\"WebPage\",\"@id\":\"https:\/\/www.herzladen.ch\/webshop\/?product=schlafplatz-harmonisierungsplatte\",\"url\":\"https:\/\/www.herzladen.ch\/webshop\/?product=schlafplatz-harmonisierungsplatte\",\"name\":\"Schlafplatz-Harmonisierungsplatte - HERZLADEN - Lichtvoll f\u00fcr Mensch, Tier und Mutter Erde - Webshop\",\"isPartOf\":{\"@id\":\"https:\/\/www.herzladen.ch\/webshop\/#website\"},\"primaryImageOfPage\":{\"@id\":\"https:\/\/www.herzladen.ch\/webshop\/?product=schlafplatz-harmonisierungsplatte#primaryimage\"},\"image\":{\"@id\":\"https:\/\/www.herzladen.ch\/webshop\/?product=schlafplatz-harmonisierungsplatte#primaryimage\"},\"thumbnailUrl\":\"https:\/\/www.herzladen.ch\/webshop\/wp-content\/uploads\/2023\/09\/ae-5020.jpg\",\"datePublished\":\"2023-09-04T13:35:06+00:00\",\"dateModified\":\"2024-05-08T09:29:15+00:00\",\"breadcrumb\":{\"@id\":\"https:\/\/www.herzladen.ch\/webshop\/?product=schlafplatz-harmonisierungsplatte#breadcrumb\"},\"inLanguage\":\"de\",\"potentialAction\":[{\"@type\":\"ReadAction\",\"target\":[\"https:\/\/www.herzladen.ch\/webshop\/?product=schlafplatz-harmonisierungsplatte\"]}]},{\"@type\":\"ImageObject\",\"inLanguage\":\"de\",\"@id\":\"https:\/\/www.herzladen.ch\/webshop\/?product=schlafplatz-harmonisierungsplatte#primaryimage\",\"url\":\"https:\/\/www.herzladen.ch\/webshop\/wp-content\/uploads\/2023\/09\/ae-5020.jpg\",\"contentUrl\":\"https:\/\/www.herzladen.ch\/webshop\/wp-content\/uploads\/2023\/09\/ae-5020.jpg\",\"width\":800,\"height\":805},{\"@type\":\"BreadcrumbList\",\"@id\":\"https:\/\/www.herzladen.ch\/webshop\/?product=schlafplatz-harmonisierungsplatte#breadcrumb\",\"itemListElement\":[{\"@type\":\"ListItem\",\"position\":1,\"name\":\"Startseite\",\"item\":\"https:\/\/www.herzladen.ch\/webshop\/\"},{\"@type\":\"ListItem\",\"position\":2,\"name\":\"Shop\",\"item\":\"https:\/\/www.herzladen.ch\/webshop\/?page_id=5\"},{\"@type\":\"ListItem\",\"position\":3,\"name\":\"Schlafplatz-Harmonisierungsplatte\"}]},{\"@type\":\"WebSite\",\"@id\":\"https:\/\/www.herzladen.ch\/webshop\/#website\",\"url\":\"https:\/\/www.herzladen.ch\/webshop\/\",\"name\":\"HERZLADEN - Lichtvoll f\u00fcr Mensch, Tier und Mutter Erde - Webshop\",\"description\":\"\",\"publisher\":{\"@id\":\"https:\/\/www.herzladen.ch\/webshop\/#organization\"},\"potentialAction\":[{\"@type\":\"SearchAction\",\"target\":{\"@type\":\"EntryPoint\",\"urlTemplate\":\"https:\/\/www.herzladen.ch\/webshop\/?s={search_term_string}\"},\"query-input\":{\"@type\":\"PropertyValueSpecification\",\"valueRequired\":true,\"valueName\":\"search_term_string\"}}],\"inLanguage\":\"de\"},{\"@type\":\"Organization\",\"@id\":\"https:\/\/www.herzladen.ch\/webshop\/#organization\",\"name\":\"HERZLADEN - Lichtvoll f\u00fcr Mensch, Tier und Mutter Erde - Webshop\",\"url\":\"https:\/\/www.herzladen.ch\/webshop\/\",\"logo\":{\"@type\":\"ImageObject\",\"inLanguage\":\"de\",\"@id\":\"https:\/\/www.herzladen.ch\/webshop\/#\/schema\/logo\/image\/\",\"url\":\"https:\/\/www.herzladen.ch\/webshop\/wp-content\/uploads\/2023\/08\/Logo-Herzladen-scaled.jpg\",\"contentUrl\":\"https:\/\/www.herzladen.ch\/webshop\/wp-content\/uploads\/2023\/08\/Logo-Herzladen-scaled.jpg\",\"width\":2560,\"height\":728,\"caption\":\"HERZLADEN - Lichtvoll f\u00fcr Mensch, Tier und Mutter Erde - Webshop\"},\"image\":{\"@id\":\"https:\/\/www.herzladen.ch\/webshop\/#\/schema\/logo\/image\/\"}}]}<\/script>\n<!-- \/ Yoast SEO plugin. -->","yoast_head_json":{"title":"Schlafplatz-Harmonisierungsplatte - HERZLADEN - Lichtvoll f\u00fcr Mensch, Tier und Mutter Erde - Webshop","robots":{"index":"index","follow":"follow","max-snippet":"max-snippet:-1","max-image-preview":"max-image-preview:large","max-video-preview":"max-video-preview:-1"},"canonical":"https:\/\/www.herzladen.ch\/webshop\/?product=schlafplatz-harmonisierungsplatte","og_locale":"de_DE","og_type":"article","og_title":"Schlafplatz-Harmonisierungsplatte - HERZLADEN - Lichtvoll f\u00fcr Mensch, Tier und Mutter Erde - Webshop","og_description":"Erkl\u00e4ren Sie Ihr Bett zur st\u00f6rfreien Zone! &#8211; Neutralisiert geopathogene St\u00f6rfelder und Elektrosmog vollst\u00e4ndig.&#8211; Verbessert die Schlafqualit\u00e4t und Regenerationsf\u00e4higkeit.&#8211; Kein Umstellen des Schlafplatzes erforderlich. Lieferumfang: 1 Stk. Schlafplatz-Harmonisierungsplatte (f\u00fcr 1 Person) inkl. Beschreibung. Gr\u00f6\u00dfe: 29,7cm x 21cm mit abgerundeten Kanten.","og_url":"https:\/\/www.herzladen.ch\/webshop\/?product=schlafplatz-harmonisierungsplatte","og_site_name":"HERZLADEN - Lichtvoll f\u00fcr Mensch, Tier und Mutter Erde - Webshop","article_modified_time":"2024-05-08T09:29:15+00:00","og_image":[{"width":800,"height":805,"url":"https:\/\/www.herzladen.ch\/webshop\/wp-content\/uploads\/2023\/09\/ae-5020.jpg","type":"image\/jpeg"}],"twitter_card":"summary_large_image","schema":{"@context":"https:\/\/schema.org","@graph":[{"@type":"WebPage","@id":"https:\/\/www.herzladen.ch\/webshop\/?product=schlafplatz-harmonisierungsplatte","url":"https:\/\/www.herzladen.ch\/webshop\/?product=schlafplatz-harmonisierungsplatte","name":"Schlafplatz-Harmonisierungsplatte - HERZLADEN - Lichtvoll f\u00fcr Mensch, Tier und Mutter Erde - Webshop","isPartOf":{"@id":"https:\/\/www.herzladen.ch\/webshop\/#website"},"primaryImageOfPage":{"@id":"https:\/\/www.herzladen.ch\/webshop\/?product=schlafplatz-harmonisierungsplatte#primaryimage"},"image":{"@id":"https:\/\/www.herzladen.ch\/webshop\/?product=schlafplatz-harmonisierungsplatte#primaryimage"},"thumbnailUrl":"https:\/\/www.herzladen.ch\/webshop\/wp-content\/uploads\/2023\/09\/ae-5020.jpg","datePublished":"2023-09-04T13:35:06+00:00","dateModified":"2024-05-08T09:29:15+00:00","breadcrumb":{"@id":"https:\/\/www.herzladen.ch\/webshop\/?product=schlafplatz-harmonisierungsplatte#breadcrumb"},"inLanguage":"de","potentialAction":[{"@type":"ReadAction","target":["https:\/\/www.herzladen.ch\/webshop\/?product=schlafplatz-harmonisierungsplatte"]}]},{"@type":"ImageObject","inLanguage":"de","@id":"https:\/\/www.herzladen.ch\/webshop\/?product=schlafplatz-harmonisierungsplatte#primaryimage","url":"https:\/\/www.herzladen.ch\/webshop\/wp-content\/uploads\/2023\/09\/ae-5020.jpg","contentUrl":"https:\/\/www.herzladen.ch\/webshop\/wp-content\/uploads\/2023\/09\/ae-5020.jpg","width":800,"height":805},{"@type":"BreadcrumbList","@id":"https:\/\/www.herzladen.ch\/webshop\/?product=schlafplatz-harmonisierungsplatte#breadcrumb","itemListElement":[{"@type":"ListItem","position":1,"name":"Startseite","item":"https:\/\/www.herzladen.ch\/webshop\/"},{"@type":"ListItem","position":2,"name":"Shop","item":"https:\/\/www.herzladen.ch\/webshop\/?page_id=5"},{"@type":"ListItem","position":3,"name":"Schlafplatz-Harmonisierungsplatte"}]},{"@type":"WebSite","@id":"https:\/\/www.herzladen.ch\/webshop\/#website","url":"https:\/\/www.herzladen.ch\/webshop\/","name":"HERZLADEN - Lichtvoll f\u00fcr Mensch, Tier und Mutter Erde - Webshop","description":"","publisher":{"@id":"https:\/\/www.herzladen.ch\/webshop\/#organization"},"potentialAction":[{"@type":"SearchAction","target":{"@type":"EntryPoint","urlTemplate":"https:\/\/www.herzladen.ch\/webshop\/?s={search_term_string}"},"query-input":{"@type":"PropertyValueSpecification","valueRequired":true,"valueName":"search_term_string"}}],"inLanguage":"de"},{"@type":"Organization","@id":"https:\/\/www.herzladen.ch\/webshop\/#organization","name":"HERZLADEN - Lichtvoll f\u00fcr Mensch, Tier und Mutter Erde - Webshop","url":"https:\/\/www.herzladen.ch\/webshop\/","logo":{"@type":"ImageObject","inLanguage":"de","@id":"https:\/\/www.herzladen.ch\/webshop\/#\/schema\/logo\/image\/","url":"https:\/\/www.herzladen.ch\/webshop\/wp-content\/uploads\/2023\/08\/Logo-Herzladen-scaled.jpg","contentUrl":"https:\/\/www.herzladen.ch\/webshop\/wp-content\/uploads\/2023\/08\/Logo-Herzladen-scaled.jpg","width":2560,"height":728,"caption":"HERZLADEN - Lichtvoll f\u00fcr Mensch, Tier und Mutter Erde - Webshop"},"image":{"@id":"https:\/\/www.herzladen.ch\/webshop\/#\/schema\/logo\/image\/"}}]}},"jetpack_sharing_enabled":true,"_links":{"self":[{"href":"https:\/\/www.herzladen.ch\/webshop\/index.php?rest_route=\/wp\/v2\/product\/9783952534722","targetHints":{"allow":["GET"]}}],"collection":[{"href":"https:\/\/www.herzladen.ch\/webshop\/index.php?rest_route=\/wp\/v2\/product"}],"about":[{"href":"https:\/\/www.herzladen.ch\/webshop\/index.php?rest_route=\/wp\/v2\/types\/product"}],"replies":[{"embeddable":true,"href":"https:\/\/www.herzladen.ch\/webshop\/index.php?rest_route=%2Fwp%2Fv2%2Fcomments&post=9783952534722"}],"wp:featuredmedia":[{"embeddable":true,"href":"https:\/\/www.herzladen.ch\/webshop\/index.php?rest_route=\/wp\/v2\/media\/9783952534510"}],"wp:attachment":[{"href":"https:\/\/www.herzladen.ch\/webshop\/index.php?rest_route=%2Fwp%2Fv2%2Fmedia&parent=9783952534722"}],"wp:term":[{"taxonomy":"product_brand","embeddable":true,"href":"https:\/\/www.herzladen.ch\/webshop\/index.php?rest_route=%2Fwp%2Fv2%2Fproduct_brand&post=9783952534722"},{"taxonomy":"product_cat","embeddable":true,"href":"https:\/\/www.herzladen.ch\/webshop\/index.php?rest_route=%2Fwp%2Fv2%2Fproduct_cat&post=9783952534722"},{"taxonomy":"product_tag","embeddable":true,"href":"https:\/\/www.herzladen.ch\/webshop\/index.php?rest_route=%2Fwp%2Fv2%2Fproduct_tag&post=9783952534722"}],"curies":[{"name":"wp","href":"https:\/\/api.w.org\/{rel}","templated":true}]}}