{"id":9783952534619,"date":"2023-09-04T13:33:43","date_gmt":"2023-09-04T13:33:43","guid":{"rendered":"https:\/\/www.herzladen.ch\/webshop\/?post_type=product&#038;p=9783952534619"},"modified":"2024-05-08T09:28:53","modified_gmt":"2024-05-08T09:28:53","slug":"cdvet-fit-barf-mineral-cat-60g","status":"publish","type":"product","link":"https:\/\/www.herzladen.ch\/webshop\/?product=cdvet-fit-barf-mineral-cat-60g","title":{"rendered":"cdVet Fit-BARF Mineral Cat 60g"},"content":{"rendered":"<p>Anstatt einzelne Zus\u00e4tze im BARF Futter dazu zu geben, enth\u00e4lt Mineral Cat alle Zus\u00e4tze in optimaler Kombination. Kann zus\u00e4tzlich zu der BARF F\u00fctterung t\u00e4glich gegeben werden, speziell bei Tieren welche mit dem Stoffwechsel sensibel reagieren nach oder w\u00e4hrend einer Krankheit, bei hohe Leistungen und Aktivit\u00e4ten wie z.B, lange Spazierg\u00e4nge, Wanderungen, Sport usw.<br \/>\nF\u00fcr Katzen (f\u00fcr Hunde findest du bei uns Fit-BARF MicroMineral 500g)<\/p>\n","protected":false},"excerpt":{"rendered":"<p>Anstatt einzelne Zus\u00e4tze im BARF Futter dazu zu geben, enth\u00e4lt Mineral Cat alle Zus\u00e4tze in optimaler Kombination. Kann zus\u00e4tzlich zu der BARF F\u00fctterung t\u00e4glich gegeben werden, speziell bei Tieren welche mit dem Stoffwechsel sensibel reagieren nach oder w\u00e4hrend einer Krankheit, bei hohe Leistungen und Aktivit\u00e4ten wie z.B, lange Spazierg\u00e4nge, Wanderungen, Sport usw. F\u00fcr Katzen (f\u00fcr [&hellip;]<\/p>\n","protected":false},"featured_media":9783952534320,"comment_status":"open","ping_status":"closed","template":"","meta":[],"product_brand":[],"product_cat":[81],"product_tag":[122],"class_list":{"0":"post-9783952534619","1":"product","2":"type-product","3":"status-publish","4":"has-post-thumbnail","6":"product_cat-naturprodukte","7":"product_tag-cdvet","9":"first","10":"instock","11":"shipping-taxable","12":"purchasable","13":"product-type-simple"},"yoast_head":"<!-- This site is optimized with the Yoast SEO plugin v26.6 - https:\/\/yoast.com\/wordpress\/plugins\/seo\/ -->\n<title>cdVet Fit-BARF Mineral Cat 60g - HERZLADEN - Lichtvoll f\u00fcr Mensch, Tier und Mutter Erde - Webshop<\/title>\n<meta name=\"robots\" content=\"index, follow, max-snippet:-1, max-image-preview:large, max-video-preview:-1\" \/>\n<link rel=\"canonical\" href=\"https:\/\/www.herzladen.ch\/webshop\/?product=cdvet-fit-barf-mineral-cat-60g\" \/>\n<meta property=\"og:locale\" content=\"de_DE\" \/>\n<meta property=\"og:type\" content=\"article\" \/>\n<meta property=\"og:title\" content=\"cdVet Fit-BARF Mineral Cat 60g - HERZLADEN - Lichtvoll f\u00fcr Mensch, Tier und Mutter Erde - Webshop\" \/>\n<meta property=\"og:description\" content=\"Anstatt einzelne Zus\u00e4tze im BARF Futter dazu zu geben, enth\u00e4lt Mineral Cat alle Zus\u00e4tze in optimaler Kombination. Kann zus\u00e4tzlich zu der BARF F\u00fctterung t\u00e4glich gegeben werden, speziell bei Tieren welche mit dem Stoffwechsel sensibel reagieren nach oder w\u00e4hrend einer Krankheit, bei hohe Leistungen und Aktivit\u00e4ten wie z.B, lange Spazierg\u00e4nge, Wanderungen, Sport usw. F\u00fcr Katzen (f\u00fcr [&hellip;]\" \/>\n<meta property=\"og:url\" content=\"https:\/\/www.herzladen.ch\/webshop\/?product=cdvet-fit-barf-mineral-cat-60g\" \/>\n<meta property=\"og:site_name\" content=\"HERZLADEN - Lichtvoll f\u00fcr Mensch, Tier und Mutter Erde - Webshop\" \/>\n<meta property=\"article:modified_time\" content=\"2024-05-08T09:28:53+00:00\" \/>\n<meta property=\"og:image\" content=\"https:\/\/www.herzladen.ch\/webshop\/wp-content\/uploads\/2023\/09\/4040056006447.png\" \/>\n\t<meta property=\"og:image:width\" content=\"428\" \/>\n\t<meta property=\"og:image:height\" content=\"429\" \/>\n\t<meta property=\"og:image:type\" content=\"image\/png\" \/>\n<meta name=\"twitter:card\" content=\"summary_large_image\" \/>\n<script type=\"application\/ld+json\" class=\"yoast-schema-graph\">{\"@context\":\"https:\/\/schema.org\",\"@graph\":[{\"@type\":\"WebPage\",\"@id\":\"https:\/\/www.herzladen.ch\/webshop\/?product=cdvet-fit-barf-mineral-cat-60g\",\"url\":\"https:\/\/www.herzladen.ch\/webshop\/?product=cdvet-fit-barf-mineral-cat-60g\",\"name\":\"cdVet Fit-BARF Mineral Cat 60g - HERZLADEN - Lichtvoll f\u00fcr Mensch, Tier und Mutter Erde - Webshop\",\"isPartOf\":{\"@id\":\"https:\/\/www.herzladen.ch\/webshop\/#website\"},\"primaryImageOfPage\":{\"@id\":\"https:\/\/www.herzladen.ch\/webshop\/?product=cdvet-fit-barf-mineral-cat-60g#primaryimage\"},\"image\":{\"@id\":\"https:\/\/www.herzladen.ch\/webshop\/?product=cdvet-fit-barf-mineral-cat-60g#primaryimage\"},\"thumbnailUrl\":\"https:\/\/www.herzladen.ch\/webshop\/wp-content\/uploads\/2023\/09\/4040056006447.png\",\"datePublished\":\"2023-09-04T13:33:43+00:00\",\"dateModified\":\"2024-05-08T09:28:53+00:00\",\"breadcrumb\":{\"@id\":\"https:\/\/www.herzladen.ch\/webshop\/?product=cdvet-fit-barf-mineral-cat-60g#breadcrumb\"},\"inLanguage\":\"de\",\"potentialAction\":[{\"@type\":\"ReadAction\",\"target\":[\"https:\/\/www.herzladen.ch\/webshop\/?product=cdvet-fit-barf-mineral-cat-60g\"]}]},{\"@type\":\"ImageObject\",\"inLanguage\":\"de\",\"@id\":\"https:\/\/www.herzladen.ch\/webshop\/?product=cdvet-fit-barf-mineral-cat-60g#primaryimage\",\"url\":\"https:\/\/www.herzladen.ch\/webshop\/wp-content\/uploads\/2023\/09\/4040056006447.png\",\"contentUrl\":\"https:\/\/www.herzladen.ch\/webshop\/wp-content\/uploads\/2023\/09\/4040056006447.png\",\"width\":428,\"height\":429},{\"@type\":\"BreadcrumbList\",\"@id\":\"https:\/\/www.herzladen.ch\/webshop\/?product=cdvet-fit-barf-mineral-cat-60g#breadcrumb\",\"itemListElement\":[{\"@type\":\"ListItem\",\"position\":1,\"name\":\"Startseite\",\"item\":\"https:\/\/www.herzladen.ch\/webshop\/\"},{\"@type\":\"ListItem\",\"position\":2,\"name\":\"Shop\",\"item\":\"https:\/\/www.herzladen.ch\/webshop\/?page_id=5\"},{\"@type\":\"ListItem\",\"position\":3,\"name\":\"cdVet Fit-BARF Mineral Cat 60g\"}]},{\"@type\":\"WebSite\",\"@id\":\"https:\/\/www.herzladen.ch\/webshop\/#website\",\"url\":\"https:\/\/www.herzladen.ch\/webshop\/\",\"name\":\"HERZLADEN - Lichtvoll f\u00fcr Mensch, Tier und Mutter Erde - Webshop\",\"description\":\"\",\"publisher\":{\"@id\":\"https:\/\/www.herzladen.ch\/webshop\/#organization\"},\"potentialAction\":[{\"@type\":\"SearchAction\",\"target\":{\"@type\":\"EntryPoint\",\"urlTemplate\":\"https:\/\/www.herzladen.ch\/webshop\/?s={search_term_string}\"},\"query-input\":{\"@type\":\"PropertyValueSpecification\",\"valueRequired\":true,\"valueName\":\"search_term_string\"}}],\"inLanguage\":\"de\"},{\"@type\":\"Organization\",\"@id\":\"https:\/\/www.herzladen.ch\/webshop\/#organization\",\"name\":\"HERZLADEN - Lichtvoll f\u00fcr Mensch, Tier und Mutter Erde - Webshop\",\"url\":\"https:\/\/www.herzladen.ch\/webshop\/\",\"logo\":{\"@type\":\"ImageObject\",\"inLanguage\":\"de\",\"@id\":\"https:\/\/www.herzladen.ch\/webshop\/#\/schema\/logo\/image\/\",\"url\":\"https:\/\/www.herzladen.ch\/webshop\/wp-content\/uploads\/2023\/08\/Logo-Herzladen-scaled.jpg\",\"contentUrl\":\"https:\/\/www.herzladen.ch\/webshop\/wp-content\/uploads\/2023\/08\/Logo-Herzladen-scaled.jpg\",\"width\":2560,\"height\":728,\"caption\":\"HERZLADEN - Lichtvoll f\u00fcr Mensch, Tier und Mutter Erde - Webshop\"},\"image\":{\"@id\":\"https:\/\/www.herzladen.ch\/webshop\/#\/schema\/logo\/image\/\"}}]}<\/script>\n<!-- \/ Yoast SEO plugin. -->","yoast_head_json":{"title":"cdVet Fit-BARF Mineral Cat 60g - HERZLADEN - Lichtvoll f\u00fcr Mensch, Tier und Mutter Erde - Webshop","robots":{"index":"index","follow":"follow","max-snippet":"max-snippet:-1","max-image-preview":"max-image-preview:large","max-video-preview":"max-video-preview:-1"},"canonical":"https:\/\/www.herzladen.ch\/webshop\/?product=cdvet-fit-barf-mineral-cat-60g","og_locale":"de_DE","og_type":"article","og_title":"cdVet Fit-BARF Mineral Cat 60g - HERZLADEN - Lichtvoll f\u00fcr Mensch, Tier und Mutter Erde - Webshop","og_description":"Anstatt einzelne Zus\u00e4tze im BARF Futter dazu zu geben, enth\u00e4lt Mineral Cat alle Zus\u00e4tze in optimaler Kombination. Kann zus\u00e4tzlich zu der BARF F\u00fctterung t\u00e4glich gegeben werden, speziell bei Tieren welche mit dem Stoffwechsel sensibel reagieren nach oder w\u00e4hrend einer Krankheit, bei hohe Leistungen und Aktivit\u00e4ten wie z.B, lange Spazierg\u00e4nge, Wanderungen, Sport usw. F\u00fcr Katzen (f\u00fcr [&hellip;]","og_url":"https:\/\/www.herzladen.ch\/webshop\/?product=cdvet-fit-barf-mineral-cat-60g","og_site_name":"HERZLADEN - Lichtvoll f\u00fcr Mensch, Tier und Mutter Erde - Webshop","article_modified_time":"2024-05-08T09:28:53+00:00","og_image":[{"width":428,"height":429,"url":"https:\/\/www.herzladen.ch\/webshop\/wp-content\/uploads\/2023\/09\/4040056006447.png","type":"image\/png"}],"twitter_card":"summary_large_image","schema":{"@context":"https:\/\/schema.org","@graph":[{"@type":"WebPage","@id":"https:\/\/www.herzladen.ch\/webshop\/?product=cdvet-fit-barf-mineral-cat-60g","url":"https:\/\/www.herzladen.ch\/webshop\/?product=cdvet-fit-barf-mineral-cat-60g","name":"cdVet Fit-BARF Mineral Cat 60g - HERZLADEN - Lichtvoll f\u00fcr Mensch, Tier und Mutter Erde - Webshop","isPartOf":{"@id":"https:\/\/www.herzladen.ch\/webshop\/#website"},"primaryImageOfPage":{"@id":"https:\/\/www.herzladen.ch\/webshop\/?product=cdvet-fit-barf-mineral-cat-60g#primaryimage"},"image":{"@id":"https:\/\/www.herzladen.ch\/webshop\/?product=cdvet-fit-barf-mineral-cat-60g#primaryimage"},"thumbnailUrl":"https:\/\/www.herzladen.ch\/webshop\/wp-content\/uploads\/2023\/09\/4040056006447.png","datePublished":"2023-09-04T13:33:43+00:00","dateModified":"2024-05-08T09:28:53+00:00","breadcrumb":{"@id":"https:\/\/www.herzladen.ch\/webshop\/?product=cdvet-fit-barf-mineral-cat-60g#breadcrumb"},"inLanguage":"de","potentialAction":[{"@type":"ReadAction","target":["https:\/\/www.herzladen.ch\/webshop\/?product=cdvet-fit-barf-mineral-cat-60g"]}]},{"@type":"ImageObject","inLanguage":"de","@id":"https:\/\/www.herzladen.ch\/webshop\/?product=cdvet-fit-barf-mineral-cat-60g#primaryimage","url":"https:\/\/www.herzladen.ch\/webshop\/wp-content\/uploads\/2023\/09\/4040056006447.png","contentUrl":"https:\/\/www.herzladen.ch\/webshop\/wp-content\/uploads\/2023\/09\/4040056006447.png","width":428,"height":429},{"@type":"BreadcrumbList","@id":"https:\/\/www.herzladen.ch\/webshop\/?product=cdvet-fit-barf-mineral-cat-60g#breadcrumb","itemListElement":[{"@type":"ListItem","position":1,"name":"Startseite","item":"https:\/\/www.herzladen.ch\/webshop\/"},{"@type":"ListItem","position":2,"name":"Shop","item":"https:\/\/www.herzladen.ch\/webshop\/?page_id=5"},{"@type":"ListItem","position":3,"name":"cdVet Fit-BARF Mineral Cat 60g"}]},{"@type":"WebSite","@id":"https:\/\/www.herzladen.ch\/webshop\/#website","url":"https:\/\/www.herzladen.ch\/webshop\/","name":"HERZLADEN - Lichtvoll f\u00fcr Mensch, Tier und Mutter Erde - Webshop","description":"","publisher":{"@id":"https:\/\/www.herzladen.ch\/webshop\/#organization"},"potentialAction":[{"@type":"SearchAction","target":{"@type":"EntryPoint","urlTemplate":"https:\/\/www.herzladen.ch\/webshop\/?s={search_term_string}"},"query-input":{"@type":"PropertyValueSpecification","valueRequired":true,"valueName":"search_term_string"}}],"inLanguage":"de"},{"@type":"Organization","@id":"https:\/\/www.herzladen.ch\/webshop\/#organization","name":"HERZLADEN - Lichtvoll f\u00fcr Mensch, Tier und Mutter Erde - Webshop","url":"https:\/\/www.herzladen.ch\/webshop\/","logo":{"@type":"ImageObject","inLanguage":"de","@id":"https:\/\/www.herzladen.ch\/webshop\/#\/schema\/logo\/image\/","url":"https:\/\/www.herzladen.ch\/webshop\/wp-content\/uploads\/2023\/08\/Logo-Herzladen-scaled.jpg","contentUrl":"https:\/\/www.herzladen.ch\/webshop\/wp-content\/uploads\/2023\/08\/Logo-Herzladen-scaled.jpg","width":2560,"height":728,"caption":"HERZLADEN - Lichtvoll f\u00fcr Mensch, Tier und Mutter Erde - Webshop"},"image":{"@id":"https:\/\/www.herzladen.ch\/webshop\/#\/schema\/logo\/image\/"}}]}},"jetpack_sharing_enabled":true,"_links":{"self":[{"href":"https:\/\/www.herzladen.ch\/webshop\/index.php?rest_route=\/wp\/v2\/product\/9783952534619","targetHints":{"allow":["GET"]}}],"collection":[{"href":"https:\/\/www.herzladen.ch\/webshop\/index.php?rest_route=\/wp\/v2\/product"}],"about":[{"href":"https:\/\/www.herzladen.ch\/webshop\/index.php?rest_route=\/wp\/v2\/types\/product"}],"replies":[{"embeddable":true,"href":"https:\/\/www.herzladen.ch\/webshop\/index.php?rest_route=%2Fwp%2Fv2%2Fcomments&post=9783952534619"}],"wp:featuredmedia":[{"embeddable":true,"href":"https:\/\/www.herzladen.ch\/webshop\/index.php?rest_route=\/wp\/v2\/media\/9783952534320"}],"wp:attachment":[{"href":"https:\/\/www.herzladen.ch\/webshop\/index.php?rest_route=%2Fwp%2Fv2%2Fmedia&parent=9783952534619"}],"wp:term":[{"taxonomy":"product_brand","embeddable":true,"href":"https:\/\/www.herzladen.ch\/webshop\/index.php?rest_route=%2Fwp%2Fv2%2Fproduct_brand&post=9783952534619"},{"taxonomy":"product_cat","embeddable":true,"href":"https:\/\/www.herzladen.ch\/webshop\/index.php?rest_route=%2Fwp%2Fv2%2Fproduct_cat&post=9783952534619"},{"taxonomy":"product_tag","embeddable":true,"href":"https:\/\/www.herzladen.ch\/webshop\/index.php?rest_route=%2Fwp%2Fv2%2Fproduct_tag&post=9783952534619"}],"curies":[{"name":"wp","href":"https:\/\/api.w.org\/{rel}","templated":true}]}}