{"id":9783952534615,"date":"2023-09-04T13:33:41","date_gmt":"2023-09-04T13:33:41","guid":{"rendered":"https:\/\/www.herzladen.ch\/webshop\/?post_type=product&#038;p=9783952534615"},"modified":"2024-05-08T09:28:50","modified_gmt":"2024-05-08T09:28:50","slug":"cdvet-harnwegemix-12-5g","status":"publish","type":"product","link":"https:\/\/www.herzladen.ch\/webshop\/?product=cdvet-harnwegemix-12-5g","title":{"rendered":"cdVet HarnwegeMix 12.5g"},"content":{"rendered":"<p>Zur Unterst\u00fctzung und besseren Genesung bei jeglicher Art von Harnwegprobleme. Die Kr\u00e4uter sorgen f\u00fcr eine h\u00e4ufigere Wasseraufnahme und somit die F\u00f6rderung der Ausscheidung von negativen Bakterien oder Giftstoffen. F\u00fcr Hunde und Katzen<\/p>\n","protected":false},"excerpt":{"rendered":"<p>Zur Unterst\u00fctzung und besseren Genesung bei jeglicher Art von Harnwegprobleme. Die Kr\u00e4uter sorgen f\u00fcr eine h\u00e4ufigere Wasseraufnahme und somit die F\u00f6rderung der Ausscheidung von negativen Bakterien oder Giftstoffen. F\u00fcr Hunde und Katzen<\/p>\n","protected":false},"featured_media":9783952534312,"comment_status":"open","ping_status":"closed","template":"","meta":[],"product_brand":[],"product_cat":[81],"product_tag":[122],"class_list":{"0":"post-9783952534615","1":"product","2":"type-product","3":"status-publish","4":"has-post-thumbnail","6":"product_cat-naturprodukte","7":"product_tag-cdvet","9":"first","10":"instock","11":"shipping-taxable","12":"purchasable","13":"product-type-simple"},"yoast_head":"<!-- This site is optimized with the Yoast SEO plugin v26.6 - https:\/\/yoast.com\/wordpress\/plugins\/seo\/ -->\n<title>cdVet HarnwegeMix 12.5g - HERZLADEN - Lichtvoll f\u00fcr Mensch, Tier und Mutter Erde - Webshop<\/title>\n<meta name=\"robots\" content=\"index, follow, max-snippet:-1, max-image-preview:large, max-video-preview:-1\" \/>\n<link rel=\"canonical\" href=\"https:\/\/www.herzladen.ch\/webshop\/?product=cdvet-harnwegemix-12-5g\" \/>\n<meta property=\"og:locale\" content=\"de_DE\" \/>\n<meta property=\"og:type\" content=\"article\" \/>\n<meta property=\"og:title\" content=\"cdVet HarnwegeMix 12.5g - HERZLADEN - Lichtvoll f\u00fcr Mensch, Tier und Mutter Erde - Webshop\" \/>\n<meta property=\"og:description\" content=\"Zur Unterst\u00fctzung und besseren Genesung bei jeglicher Art von Harnwegprobleme. Die Kr\u00e4uter sorgen f\u00fcr eine h\u00e4ufigere Wasseraufnahme und somit die F\u00f6rderung der Ausscheidung von negativen Bakterien oder Giftstoffen. F\u00fcr Hunde und Katzen\" \/>\n<meta property=\"og:url\" content=\"https:\/\/www.herzladen.ch\/webshop\/?product=cdvet-harnwegemix-12-5g\" \/>\n<meta property=\"og:site_name\" content=\"HERZLADEN - Lichtvoll f\u00fcr Mensch, Tier und Mutter Erde - Webshop\" \/>\n<meta property=\"article:modified_time\" content=\"2024-05-08T09:28:50+00:00\" \/>\n<meta name=\"twitter:card\" content=\"summary_large_image\" \/>\n<script type=\"application\/ld+json\" class=\"yoast-schema-graph\">{\"@context\":\"https:\/\/schema.org\",\"@graph\":[{\"@type\":\"WebPage\",\"@id\":\"https:\/\/www.herzladen.ch\/webshop\/?product=cdvet-harnwegemix-12-5g\",\"url\":\"https:\/\/www.herzladen.ch\/webshop\/?product=cdvet-harnwegemix-12-5g\",\"name\":\"cdVet HarnwegeMix 12.5g - HERZLADEN - Lichtvoll f\u00fcr Mensch, Tier und Mutter Erde - Webshop\",\"isPartOf\":{\"@id\":\"https:\/\/www.herzladen.ch\/webshop\/#website\"},\"primaryImageOfPage\":{\"@id\":\"https:\/\/www.herzladen.ch\/webshop\/?product=cdvet-harnwegemix-12-5g#primaryimage\"},\"image\":{\"@id\":\"https:\/\/www.herzladen.ch\/webshop\/?product=cdvet-harnwegemix-12-5g#primaryimage\"},\"thumbnailUrl\":\"https:\/\/www.herzladen.ch\/webshop\/wp-content\/uploads\/2023\/09\/4040056004016.png\",\"datePublished\":\"2023-09-04T13:33:41+00:00\",\"dateModified\":\"2024-05-08T09:28:50+00:00\",\"breadcrumb\":{\"@id\":\"https:\/\/www.herzladen.ch\/webshop\/?product=cdvet-harnwegemix-12-5g#breadcrumb\"},\"inLanguage\":\"de\",\"potentialAction\":[{\"@type\":\"ReadAction\",\"target\":[\"https:\/\/www.herzladen.ch\/webshop\/?product=cdvet-harnwegemix-12-5g\"]}]},{\"@type\":\"ImageObject\",\"inLanguage\":\"de\",\"@id\":\"https:\/\/www.herzladen.ch\/webshop\/?product=cdvet-harnwegemix-12-5g#primaryimage\",\"url\":\"https:\/\/www.herzladen.ch\/webshop\/wp-content\/uploads\/2023\/09\/4040056004016.png\",\"contentUrl\":\"https:\/\/www.herzladen.ch\/webshop\/wp-content\/uploads\/2023\/09\/4040056004016.png\",\"width\":428,\"height\":429},{\"@type\":\"BreadcrumbList\",\"@id\":\"https:\/\/www.herzladen.ch\/webshop\/?product=cdvet-harnwegemix-12-5g#breadcrumb\",\"itemListElement\":[{\"@type\":\"ListItem\",\"position\":1,\"name\":\"Startseite\",\"item\":\"https:\/\/www.herzladen.ch\/webshop\/\"},{\"@type\":\"ListItem\",\"position\":2,\"name\":\"Shop\",\"item\":\"https:\/\/www.herzladen.ch\/webshop\/?page_id=5\"},{\"@type\":\"ListItem\",\"position\":3,\"name\":\"cdVet HarnwegeMix 12.5g\"}]},{\"@type\":\"WebSite\",\"@id\":\"https:\/\/www.herzladen.ch\/webshop\/#website\",\"url\":\"https:\/\/www.herzladen.ch\/webshop\/\",\"name\":\"HERZLADEN - Lichtvoll f\u00fcr Mensch, Tier und Mutter Erde - Webshop\",\"description\":\"\",\"publisher\":{\"@id\":\"https:\/\/www.herzladen.ch\/webshop\/#organization\"},\"potentialAction\":[{\"@type\":\"SearchAction\",\"target\":{\"@type\":\"EntryPoint\",\"urlTemplate\":\"https:\/\/www.herzladen.ch\/webshop\/?s={search_term_string}\"},\"query-input\":{\"@type\":\"PropertyValueSpecification\",\"valueRequired\":true,\"valueName\":\"search_term_string\"}}],\"inLanguage\":\"de\"},{\"@type\":\"Organization\",\"@id\":\"https:\/\/www.herzladen.ch\/webshop\/#organization\",\"name\":\"HERZLADEN - Lichtvoll f\u00fcr Mensch, Tier und Mutter Erde - Webshop\",\"url\":\"https:\/\/www.herzladen.ch\/webshop\/\",\"logo\":{\"@type\":\"ImageObject\",\"inLanguage\":\"de\",\"@id\":\"https:\/\/www.herzladen.ch\/webshop\/#\/schema\/logo\/image\/\",\"url\":\"https:\/\/www.herzladen.ch\/webshop\/wp-content\/uploads\/2023\/08\/Logo-Herzladen-scaled.jpg\",\"contentUrl\":\"https:\/\/www.herzladen.ch\/webshop\/wp-content\/uploads\/2023\/08\/Logo-Herzladen-scaled.jpg\",\"width\":2560,\"height\":728,\"caption\":\"HERZLADEN - Lichtvoll f\u00fcr Mensch, Tier und Mutter Erde - Webshop\"},\"image\":{\"@id\":\"https:\/\/www.herzladen.ch\/webshop\/#\/schema\/logo\/image\/\"}}]}<\/script>\n<!-- \/ Yoast SEO plugin. -->","yoast_head_json":{"title":"cdVet HarnwegeMix 12.5g - HERZLADEN - Lichtvoll f\u00fcr Mensch, Tier und Mutter Erde - Webshop","robots":{"index":"index","follow":"follow","max-snippet":"max-snippet:-1","max-image-preview":"max-image-preview:large","max-video-preview":"max-video-preview:-1"},"canonical":"https:\/\/www.herzladen.ch\/webshop\/?product=cdvet-harnwegemix-12-5g","og_locale":"de_DE","og_type":"article","og_title":"cdVet HarnwegeMix 12.5g - HERZLADEN - Lichtvoll f\u00fcr Mensch, Tier und Mutter Erde - Webshop","og_description":"Zur Unterst\u00fctzung und besseren Genesung bei jeglicher Art von Harnwegprobleme. Die Kr\u00e4uter sorgen f\u00fcr eine h\u00e4ufigere Wasseraufnahme und somit die F\u00f6rderung der Ausscheidung von negativen Bakterien oder Giftstoffen. F\u00fcr Hunde und Katzen","og_url":"https:\/\/www.herzladen.ch\/webshop\/?product=cdvet-harnwegemix-12-5g","og_site_name":"HERZLADEN - Lichtvoll f\u00fcr Mensch, Tier und Mutter Erde - Webshop","article_modified_time":"2024-05-08T09:28:50+00:00","twitter_card":"summary_large_image","schema":{"@context":"https:\/\/schema.org","@graph":[{"@type":"WebPage","@id":"https:\/\/www.herzladen.ch\/webshop\/?product=cdvet-harnwegemix-12-5g","url":"https:\/\/www.herzladen.ch\/webshop\/?product=cdvet-harnwegemix-12-5g","name":"cdVet HarnwegeMix 12.5g - HERZLADEN - Lichtvoll f\u00fcr Mensch, Tier und Mutter Erde - Webshop","isPartOf":{"@id":"https:\/\/www.herzladen.ch\/webshop\/#website"},"primaryImageOfPage":{"@id":"https:\/\/www.herzladen.ch\/webshop\/?product=cdvet-harnwegemix-12-5g#primaryimage"},"image":{"@id":"https:\/\/www.herzladen.ch\/webshop\/?product=cdvet-harnwegemix-12-5g#primaryimage"},"thumbnailUrl":"https:\/\/www.herzladen.ch\/webshop\/wp-content\/uploads\/2023\/09\/4040056004016.png","datePublished":"2023-09-04T13:33:41+00:00","dateModified":"2024-05-08T09:28:50+00:00","breadcrumb":{"@id":"https:\/\/www.herzladen.ch\/webshop\/?product=cdvet-harnwegemix-12-5g#breadcrumb"},"inLanguage":"de","potentialAction":[{"@type":"ReadAction","target":["https:\/\/www.herzladen.ch\/webshop\/?product=cdvet-harnwegemix-12-5g"]}]},{"@type":"ImageObject","inLanguage":"de","@id":"https:\/\/www.herzladen.ch\/webshop\/?product=cdvet-harnwegemix-12-5g#primaryimage","url":"https:\/\/www.herzladen.ch\/webshop\/wp-content\/uploads\/2023\/09\/4040056004016.png","contentUrl":"https:\/\/www.herzladen.ch\/webshop\/wp-content\/uploads\/2023\/09\/4040056004016.png","width":428,"height":429},{"@type":"BreadcrumbList","@id":"https:\/\/www.herzladen.ch\/webshop\/?product=cdvet-harnwegemix-12-5g#breadcrumb","itemListElement":[{"@type":"ListItem","position":1,"name":"Startseite","item":"https:\/\/www.herzladen.ch\/webshop\/"},{"@type":"ListItem","position":2,"name":"Shop","item":"https:\/\/www.herzladen.ch\/webshop\/?page_id=5"},{"@type":"ListItem","position":3,"name":"cdVet HarnwegeMix 12.5g"}]},{"@type":"WebSite","@id":"https:\/\/www.herzladen.ch\/webshop\/#website","url":"https:\/\/www.herzladen.ch\/webshop\/","name":"HERZLADEN - Lichtvoll f\u00fcr Mensch, Tier und Mutter Erde - Webshop","description":"","publisher":{"@id":"https:\/\/www.herzladen.ch\/webshop\/#organization"},"potentialAction":[{"@type":"SearchAction","target":{"@type":"EntryPoint","urlTemplate":"https:\/\/www.herzladen.ch\/webshop\/?s={search_term_string}"},"query-input":{"@type":"PropertyValueSpecification","valueRequired":true,"valueName":"search_term_string"}}],"inLanguage":"de"},{"@type":"Organization","@id":"https:\/\/www.herzladen.ch\/webshop\/#organization","name":"HERZLADEN - Lichtvoll f\u00fcr Mensch, Tier und Mutter Erde - Webshop","url":"https:\/\/www.herzladen.ch\/webshop\/","logo":{"@type":"ImageObject","inLanguage":"de","@id":"https:\/\/www.herzladen.ch\/webshop\/#\/schema\/logo\/image\/","url":"https:\/\/www.herzladen.ch\/webshop\/wp-content\/uploads\/2023\/08\/Logo-Herzladen-scaled.jpg","contentUrl":"https:\/\/www.herzladen.ch\/webshop\/wp-content\/uploads\/2023\/08\/Logo-Herzladen-scaled.jpg","width":2560,"height":728,"caption":"HERZLADEN - Lichtvoll f\u00fcr Mensch, Tier und Mutter Erde - Webshop"},"image":{"@id":"https:\/\/www.herzladen.ch\/webshop\/#\/schema\/logo\/image\/"}}]}},"jetpack_sharing_enabled":true,"_links":{"self":[{"href":"https:\/\/www.herzladen.ch\/webshop\/index.php?rest_route=\/wp\/v2\/product\/9783952534615","targetHints":{"allow":["GET"]}}],"collection":[{"href":"https:\/\/www.herzladen.ch\/webshop\/index.php?rest_route=\/wp\/v2\/product"}],"about":[{"href":"https:\/\/www.herzladen.ch\/webshop\/index.php?rest_route=\/wp\/v2\/types\/product"}],"replies":[{"embeddable":true,"href":"https:\/\/www.herzladen.ch\/webshop\/index.php?rest_route=%2Fwp%2Fv2%2Fcomments&post=9783952534615"}],"wp:featuredmedia":[{"embeddable":true,"href":"https:\/\/www.herzladen.ch\/webshop\/index.php?rest_route=\/wp\/v2\/media\/9783952534312"}],"wp:attachment":[{"href":"https:\/\/www.herzladen.ch\/webshop\/index.php?rest_route=%2Fwp%2Fv2%2Fmedia&parent=9783952534615"}],"wp:term":[{"taxonomy":"product_brand","embeddable":true,"href":"https:\/\/www.herzladen.ch\/webshop\/index.php?rest_route=%2Fwp%2Fv2%2Fproduct_brand&post=9783952534615"},{"taxonomy":"product_cat","embeddable":true,"href":"https:\/\/www.herzladen.ch\/webshop\/index.php?rest_route=%2Fwp%2Fv2%2Fproduct_cat&post=9783952534615"},{"taxonomy":"product_tag","embeddable":true,"href":"https:\/\/www.herzladen.ch\/webshop\/index.php?rest_route=%2Fwp%2Fv2%2Fproduct_tag&post=9783952534615"}],"curies":[{"name":"wp","href":"https:\/\/api.w.org\/{rel}","templated":true}]}}