{"id":9783952534596,"date":"2023-09-04T13:33:29","date_gmt":"2023-09-04T13:33:29","guid":{"rendered":"https:\/\/www.herzladen.ch\/webshop\/?post_type=product&#038;p=9783952534596"},"modified":"2024-05-21T10:00:42","modified_gmt":"2024-05-21T10:00:42","slug":"umhaengeleine-ohne-halsband-groesse-s","status":"publish","type":"product","link":"https:\/\/www.herzladen.ch\/webshop\/?product=umhaengeleine-ohne-halsband-groesse-s","title":{"rendered":"Umh\u00e4ngeleine ohne Halsband"},"content":{"rendered":"<p>Qualitativ hochwertiges Leder, leicht und sehr Praktisch.<br \/>\nDu h\u00e4ngst die Leine um deine Schulter, das Halsband ist an der Leine dran und muss nur noch \u00fcber den Hundekopf gelegt werden. Du hast beim Spazieren beide H\u00e4nde frei und sie ist leicht f\u00fcr dich und auch f\u00fcr deinen Hund.<br \/>\nWenn der Hund im Freilauf ist hat er keine St\u00f6rfaktoren um den Hals und du musst keine Leine in den H\u00e4nden tragen. Optimal auch bei Strecken in der Stadt oder in Strassenn\u00e4he, da der Hund bei dir Fuss geht und somit sicher an deiner Seite ist.<\/p>\n<p>Lederbreite: 8 mm<br \/>\nL\u00e4nge: ca. 2.20 m<br \/>\nVerf\u00fcgbare Farben: Braun, Violett, Blau\/T\u00fcrkis, Orange, Hellgr\u00fcn<br \/>\nFarbe zuf\u00e4llig und sonst bitte bei Bemerkungen angeben.<\/p>\n","protected":false},"excerpt":{"rendered":"<p>Qualitativ hochwertiges Leder, leicht und sehr Praktisch. Du h\u00e4ngst die Leine um deine Schulter, das Halsband ist an der Leine dran und muss nur noch \u00fcber den Hundekopf gelegt werden. Du hast beim Spazieren beide H\u00e4nde frei und sie ist leicht f\u00fcr dich und auch f\u00fcr deinen Hund. Wenn der Hund im Freilauf ist hat [&hellip;]<\/p>\n","protected":false},"featured_media":9783952534274,"comment_status":"open","ping_status":"closed","template":"","meta":[],"product_brand":[],"product_cat":[95],"product_tag":[],"class_list":{"0":"post-9783952534596","1":"product","2":"type-product","3":"status-publish","4":"has-post-thumbnail","6":"product_cat-halsbander-und-leinen","8":"first","9":"instock","10":"shipping-taxable","11":"purchasable","12":"product-type-simple"},"yoast_head":"<!-- This site is optimized with the Yoast SEO plugin v26.6 - https:\/\/yoast.com\/wordpress\/plugins\/seo\/ -->\n<title>Umh\u00e4ngeleine ohne Halsband - HERZLADEN - Lichtvoll f\u00fcr Mensch, Tier und Mutter Erde - Webshop<\/title>\n<meta name=\"robots\" content=\"index, follow, max-snippet:-1, max-image-preview:large, max-video-preview:-1\" \/>\n<link rel=\"canonical\" href=\"https:\/\/www.herzladen.ch\/webshop\/?product=umhaengeleine-ohne-halsband-groesse-s\" \/>\n<meta property=\"og:locale\" content=\"de_DE\" \/>\n<meta property=\"og:type\" content=\"article\" \/>\n<meta property=\"og:title\" content=\"Umh\u00e4ngeleine ohne Halsband - HERZLADEN - Lichtvoll f\u00fcr Mensch, Tier und Mutter Erde - Webshop\" \/>\n<meta property=\"og:description\" content=\"Qualitativ hochwertiges Leder, leicht und sehr Praktisch. Du h\u00e4ngst die Leine um deine Schulter, das Halsband ist an der Leine dran und muss nur noch \u00fcber den Hundekopf gelegt werden. Du hast beim Spazieren beide H\u00e4nde frei und sie ist leicht f\u00fcr dich und auch f\u00fcr deinen Hund. Wenn der Hund im Freilauf ist hat [&hellip;]\" \/>\n<meta property=\"og:url\" content=\"https:\/\/www.herzladen.ch\/webshop\/?product=umhaengeleine-ohne-halsband-groesse-s\" \/>\n<meta property=\"og:site_name\" content=\"HERZLADEN - Lichtvoll f\u00fcr Mensch, Tier und Mutter Erde - Webshop\" \/>\n<meta property=\"article:modified_time\" content=\"2024-05-21T10:00:42+00:00\" \/>\n<meta property=\"og:image\" content=\"https:\/\/www.herzladen.ch\/webshop\/wp-content\/uploads\/2023\/09\/101003.jpg\" \/>\n\t<meta property=\"og:image:width\" content=\"1368\" \/>\n\t<meta property=\"og:image:height\" content=\"1824\" \/>\n\t<meta property=\"og:image:type\" content=\"image\/jpeg\" \/>\n<meta name=\"twitter:card\" content=\"summary_large_image\" \/>\n<meta name=\"twitter:label1\" content=\"Gesch\u00e4tzte Lesezeit\" \/>\n\t<meta name=\"twitter:data1\" content=\"1\u00a0Minute\" \/>\n<script type=\"application\/ld+json\" class=\"yoast-schema-graph\">{\"@context\":\"https:\/\/schema.org\",\"@graph\":[{\"@type\":\"WebPage\",\"@id\":\"https:\/\/www.herzladen.ch\/webshop\/?product=umhaengeleine-ohne-halsband-groesse-s\",\"url\":\"https:\/\/www.herzladen.ch\/webshop\/?product=umhaengeleine-ohne-halsband-groesse-s\",\"name\":\"Umh\u00e4ngeleine ohne Halsband - HERZLADEN - Lichtvoll f\u00fcr Mensch, Tier und Mutter Erde - Webshop\",\"isPartOf\":{\"@id\":\"https:\/\/www.herzladen.ch\/webshop\/#website\"},\"primaryImageOfPage\":{\"@id\":\"https:\/\/www.herzladen.ch\/webshop\/?product=umhaengeleine-ohne-halsband-groesse-s#primaryimage\"},\"image\":{\"@id\":\"https:\/\/www.herzladen.ch\/webshop\/?product=umhaengeleine-ohne-halsband-groesse-s#primaryimage\"},\"thumbnailUrl\":\"https:\/\/www.herzladen.ch\/webshop\/wp-content\/uploads\/2023\/09\/101003.jpg\",\"datePublished\":\"2023-09-04T13:33:29+00:00\",\"dateModified\":\"2024-05-21T10:00:42+00:00\",\"breadcrumb\":{\"@id\":\"https:\/\/www.herzladen.ch\/webshop\/?product=umhaengeleine-ohne-halsband-groesse-s#breadcrumb\"},\"inLanguage\":\"de\",\"potentialAction\":[{\"@type\":\"ReadAction\",\"target\":[\"https:\/\/www.herzladen.ch\/webshop\/?product=umhaengeleine-ohne-halsband-groesse-s\"]}]},{\"@type\":\"ImageObject\",\"inLanguage\":\"de\",\"@id\":\"https:\/\/www.herzladen.ch\/webshop\/?product=umhaengeleine-ohne-halsband-groesse-s#primaryimage\",\"url\":\"https:\/\/www.herzladen.ch\/webshop\/wp-content\/uploads\/2023\/09\/101003.jpg\",\"contentUrl\":\"https:\/\/www.herzladen.ch\/webshop\/wp-content\/uploads\/2023\/09\/101003.jpg\",\"width\":1368,\"height\":1824},{\"@type\":\"BreadcrumbList\",\"@id\":\"https:\/\/www.herzladen.ch\/webshop\/?product=umhaengeleine-ohne-halsband-groesse-s#breadcrumb\",\"itemListElement\":[{\"@type\":\"ListItem\",\"position\":1,\"name\":\"Startseite\",\"item\":\"https:\/\/www.herzladen.ch\/webshop\/\"},{\"@type\":\"ListItem\",\"position\":2,\"name\":\"Shop\",\"item\":\"https:\/\/www.herzladen.ch\/webshop\/?page_id=5\"},{\"@type\":\"ListItem\",\"position\":3,\"name\":\"Umh\u00e4ngeleine ohne Halsband\"}]},{\"@type\":\"WebSite\",\"@id\":\"https:\/\/www.herzladen.ch\/webshop\/#website\",\"url\":\"https:\/\/www.herzladen.ch\/webshop\/\",\"name\":\"HERZLADEN - Lichtvoll f\u00fcr Mensch, Tier und Mutter Erde - Webshop\",\"description\":\"\",\"publisher\":{\"@id\":\"https:\/\/www.herzladen.ch\/webshop\/#organization\"},\"potentialAction\":[{\"@type\":\"SearchAction\",\"target\":{\"@type\":\"EntryPoint\",\"urlTemplate\":\"https:\/\/www.herzladen.ch\/webshop\/?s={search_term_string}\"},\"query-input\":{\"@type\":\"PropertyValueSpecification\",\"valueRequired\":true,\"valueName\":\"search_term_string\"}}],\"inLanguage\":\"de\"},{\"@type\":\"Organization\",\"@id\":\"https:\/\/www.herzladen.ch\/webshop\/#organization\",\"name\":\"HERZLADEN - Lichtvoll f\u00fcr Mensch, Tier und Mutter Erde - Webshop\",\"url\":\"https:\/\/www.herzladen.ch\/webshop\/\",\"logo\":{\"@type\":\"ImageObject\",\"inLanguage\":\"de\",\"@id\":\"https:\/\/www.herzladen.ch\/webshop\/#\/schema\/logo\/image\/\",\"url\":\"https:\/\/www.herzladen.ch\/webshop\/wp-content\/uploads\/2023\/08\/Logo-Herzladen-scaled.jpg\",\"contentUrl\":\"https:\/\/www.herzladen.ch\/webshop\/wp-content\/uploads\/2023\/08\/Logo-Herzladen-scaled.jpg\",\"width\":2560,\"height\":728,\"caption\":\"HERZLADEN - Lichtvoll f\u00fcr Mensch, Tier und Mutter Erde - Webshop\"},\"image\":{\"@id\":\"https:\/\/www.herzladen.ch\/webshop\/#\/schema\/logo\/image\/\"}}]}<\/script>\n<!-- \/ Yoast SEO plugin. -->","yoast_head_json":{"title":"Umh\u00e4ngeleine ohne Halsband - HERZLADEN - Lichtvoll f\u00fcr Mensch, Tier und Mutter Erde - Webshop","robots":{"index":"index","follow":"follow","max-snippet":"max-snippet:-1","max-image-preview":"max-image-preview:large","max-video-preview":"max-video-preview:-1"},"canonical":"https:\/\/www.herzladen.ch\/webshop\/?product=umhaengeleine-ohne-halsband-groesse-s","og_locale":"de_DE","og_type":"article","og_title":"Umh\u00e4ngeleine ohne Halsband - HERZLADEN - Lichtvoll f\u00fcr Mensch, Tier und Mutter Erde - Webshop","og_description":"Qualitativ hochwertiges Leder, leicht und sehr Praktisch. Du h\u00e4ngst die Leine um deine Schulter, das Halsband ist an der Leine dran und muss nur noch \u00fcber den Hundekopf gelegt werden. Du hast beim Spazieren beide H\u00e4nde frei und sie ist leicht f\u00fcr dich und auch f\u00fcr deinen Hund. Wenn der Hund im Freilauf ist hat [&hellip;]","og_url":"https:\/\/www.herzladen.ch\/webshop\/?product=umhaengeleine-ohne-halsband-groesse-s","og_site_name":"HERZLADEN - Lichtvoll f\u00fcr Mensch, Tier und Mutter Erde - Webshop","article_modified_time":"2024-05-21T10:00:42+00:00","og_image":[{"width":1368,"height":1824,"url":"https:\/\/www.herzladen.ch\/webshop\/wp-content\/uploads\/2023\/09\/101003.jpg","type":"image\/jpeg"}],"twitter_card":"summary_large_image","twitter_misc":{"Gesch\u00e4tzte Lesezeit":"1\u00a0Minute"},"schema":{"@context":"https:\/\/schema.org","@graph":[{"@type":"WebPage","@id":"https:\/\/www.herzladen.ch\/webshop\/?product=umhaengeleine-ohne-halsband-groesse-s","url":"https:\/\/www.herzladen.ch\/webshop\/?product=umhaengeleine-ohne-halsband-groesse-s","name":"Umh\u00e4ngeleine ohne Halsband - HERZLADEN - Lichtvoll f\u00fcr Mensch, Tier und Mutter Erde - Webshop","isPartOf":{"@id":"https:\/\/www.herzladen.ch\/webshop\/#website"},"primaryImageOfPage":{"@id":"https:\/\/www.herzladen.ch\/webshop\/?product=umhaengeleine-ohne-halsband-groesse-s#primaryimage"},"image":{"@id":"https:\/\/www.herzladen.ch\/webshop\/?product=umhaengeleine-ohne-halsband-groesse-s#primaryimage"},"thumbnailUrl":"https:\/\/www.herzladen.ch\/webshop\/wp-content\/uploads\/2023\/09\/101003.jpg","datePublished":"2023-09-04T13:33:29+00:00","dateModified":"2024-05-21T10:00:42+00:00","breadcrumb":{"@id":"https:\/\/www.herzladen.ch\/webshop\/?product=umhaengeleine-ohne-halsband-groesse-s#breadcrumb"},"inLanguage":"de","potentialAction":[{"@type":"ReadAction","target":["https:\/\/www.herzladen.ch\/webshop\/?product=umhaengeleine-ohne-halsband-groesse-s"]}]},{"@type":"ImageObject","inLanguage":"de","@id":"https:\/\/www.herzladen.ch\/webshop\/?product=umhaengeleine-ohne-halsband-groesse-s#primaryimage","url":"https:\/\/www.herzladen.ch\/webshop\/wp-content\/uploads\/2023\/09\/101003.jpg","contentUrl":"https:\/\/www.herzladen.ch\/webshop\/wp-content\/uploads\/2023\/09\/101003.jpg","width":1368,"height":1824},{"@type":"BreadcrumbList","@id":"https:\/\/www.herzladen.ch\/webshop\/?product=umhaengeleine-ohne-halsband-groesse-s#breadcrumb","itemListElement":[{"@type":"ListItem","position":1,"name":"Startseite","item":"https:\/\/www.herzladen.ch\/webshop\/"},{"@type":"ListItem","position":2,"name":"Shop","item":"https:\/\/www.herzladen.ch\/webshop\/?page_id=5"},{"@type":"ListItem","position":3,"name":"Umh\u00e4ngeleine ohne Halsband"}]},{"@type":"WebSite","@id":"https:\/\/www.herzladen.ch\/webshop\/#website","url":"https:\/\/www.herzladen.ch\/webshop\/","name":"HERZLADEN - Lichtvoll f\u00fcr Mensch, Tier und Mutter Erde - Webshop","description":"","publisher":{"@id":"https:\/\/www.herzladen.ch\/webshop\/#organization"},"potentialAction":[{"@type":"SearchAction","target":{"@type":"EntryPoint","urlTemplate":"https:\/\/www.herzladen.ch\/webshop\/?s={search_term_string}"},"query-input":{"@type":"PropertyValueSpecification","valueRequired":true,"valueName":"search_term_string"}}],"inLanguage":"de"},{"@type":"Organization","@id":"https:\/\/www.herzladen.ch\/webshop\/#organization","name":"HERZLADEN - Lichtvoll f\u00fcr Mensch, Tier und Mutter Erde - Webshop","url":"https:\/\/www.herzladen.ch\/webshop\/","logo":{"@type":"ImageObject","inLanguage":"de","@id":"https:\/\/www.herzladen.ch\/webshop\/#\/schema\/logo\/image\/","url":"https:\/\/www.herzladen.ch\/webshop\/wp-content\/uploads\/2023\/08\/Logo-Herzladen-scaled.jpg","contentUrl":"https:\/\/www.herzladen.ch\/webshop\/wp-content\/uploads\/2023\/08\/Logo-Herzladen-scaled.jpg","width":2560,"height":728,"caption":"HERZLADEN - Lichtvoll f\u00fcr Mensch, Tier und Mutter Erde - Webshop"},"image":{"@id":"https:\/\/www.herzladen.ch\/webshop\/#\/schema\/logo\/image\/"}}]}},"jetpack_sharing_enabled":true,"_links":{"self":[{"href":"https:\/\/www.herzladen.ch\/webshop\/index.php?rest_route=\/wp\/v2\/product\/9783952534596","targetHints":{"allow":["GET"]}}],"collection":[{"href":"https:\/\/www.herzladen.ch\/webshop\/index.php?rest_route=\/wp\/v2\/product"}],"about":[{"href":"https:\/\/www.herzladen.ch\/webshop\/index.php?rest_route=\/wp\/v2\/types\/product"}],"replies":[{"embeddable":true,"href":"https:\/\/www.herzladen.ch\/webshop\/index.php?rest_route=%2Fwp%2Fv2%2Fcomments&post=9783952534596"}],"wp:featuredmedia":[{"embeddable":true,"href":"https:\/\/www.herzladen.ch\/webshop\/index.php?rest_route=\/wp\/v2\/media\/9783952534274"}],"wp:attachment":[{"href":"https:\/\/www.herzladen.ch\/webshop\/index.php?rest_route=%2Fwp%2Fv2%2Fmedia&parent=9783952534596"}],"wp:term":[{"taxonomy":"product_brand","embeddable":true,"href":"https:\/\/www.herzladen.ch\/webshop\/index.php?rest_route=%2Fwp%2Fv2%2Fproduct_brand&post=9783952534596"},{"taxonomy":"product_cat","embeddable":true,"href":"https:\/\/www.herzladen.ch\/webshop\/index.php?rest_route=%2Fwp%2Fv2%2Fproduct_cat&post=9783952534596"},{"taxonomy":"product_tag","embeddable":true,"href":"https:\/\/www.herzladen.ch\/webshop\/index.php?rest_route=%2Fwp%2Fv2%2Fproduct_tag&post=9783952534596"}],"curies":[{"name":"wp","href":"https:\/\/api.w.org\/{rel}","templated":true}]}}