{"id":9783952534574,"date":"2023-09-04T13:33:15","date_gmt":"2023-09-04T13:33:15","guid":{"rendered":"https:\/\/www.herzladen.ch\/webshop\/?post_type=product&#038;p=9783952534574"},"modified":"2025-02-19T10:12:37","modified_gmt":"2025-02-19T10:12:37","slug":"poulet-barf-menue-4-x-250-g-tk","status":"publish","type":"product","link":"https:\/\/www.herzladen.ch\/webshop\/?product=poulet-barf-menue-4-x-250-g-tk","title":{"rendered":"Poulet BARF Men\u00fc 4 x 250 g &#8211; TK"},"content":{"rendered":"<p><strong>WICHTIGE INFORMATION:<br \/>In Zusammenarbeit mit unserer wundervollen, regionalen Metzgerei &#8222;MUU Metzgerei &amp; Catering&#8220; in Bauma pr\u00e4sentieren wir euch unsere neuen BARF-Men\u00fcs (Lamm, Rind, Poulet und Wild).<br \/>Wir freuen uns euch die neuen Men\u00fcs aus regionalem Schweizer Fleisch (aus dem Z\u00fcrcher Oberland) anzubieten und sind gespannt, wie sie euren Vierbeinern schmecken werden.<br \/>Ein Traum von uns, frische Men\u00fcs von einem regionalen Metzger mit Fleisch, Gem\u00fcse und Mineralien f\u00fcr unsere Vierbeiner zu produzieren, ist in Erf\u00fcllung gegangen.<br \/>\nDie naturaDOG BARF-Men\u00fc werden nicht mehr produziert.<\/p>\n<p>Link zum neuen Poulet BARF Men\u00fc: <a href=\"https:\/\/www.herzladen.ch\/webshop\/?product=poulet-barf-menue-250-g-tk\">Poulet BARF Men\u00fc 250 g \u2013 TK<\/a><\/strong><\/p>\n<p>&#8212;<\/p>\n<p>Gerne liefern wir dir deine gew\u00fcnschten Tiefk\u00fchlprodukte in einer Spezial-Thermobox zu dir nach Hause,<br \/>\noder du kannst bei der Bestellung &#8222;Abholung vor Ort (Herzladen in Hittnau)&#8220; anklicken.<br \/>\nSo geben wir dir via WhatsApp oder Mail bescheid, sobald es in unserem Herzladen f\u00fcr dich abholbereit ist.<\/p>\n<p>Hinweis: Wir versenden die gew\u00fcnschten Produkte in gefrorenem Zustand mit der Post per Swiss-Express &#8222;Mond&#8220; (Zustellung nach Versand am Folgetag bis 9 Uhr).<br \/>\nBei Ankunft kann das Fleisch angetaut sein. Es kann problemlos wieder tiefgek\u00fchlt, oder innerhalb von zwei Tagen verf\u00fcttert werden.<\/p>\n","protected":false},"excerpt":{"rendered":"<p>WICHTIGE INFORMATION:In Zusammenarbeit mit unserer wundervollen, regionalen Metzgerei &#8222;MUU Metzgerei &amp; Catering&#8220; in Bauma pr\u00e4sentieren wir euch unsere neuen BARF-Men\u00fcs (Lamm, Rind, Poulet und Wild).Wir freuen uns euch die neuen Men\u00fcs aus regionalem Schweizer Fleisch (aus dem Z\u00fcrcher Oberland) anzubieten und sind gespannt, wie sie euren Vierbeinern schmecken werden.Ein Traum von uns, frische Men\u00fcs von [&hellip;]<\/p>\n","protected":false},"featured_media":9783952534230,"comment_status":"open","ping_status":"closed","template":"","meta":[],"product_brand":[],"product_cat":[108],"product_tag":[120],"class_list":{"0":"post-9783952534574","1":"product","2":"type-product","3":"status-publish","4":"has-post-thumbnail","6":"product_cat-hundefutter-tiefgekuehlt","7":"product_tag-naturadog","8":"product_shipping_class-gefriergut","10":"first","11":"outofstock","12":"shipping-taxable","13":"purchasable","14":"product-type-simple"},"yoast_head":"<!-- This site is optimized with the Yoast SEO plugin v26.6 - https:\/\/yoast.com\/wordpress\/plugins\/seo\/ -->\n<title>Poulet BARF Men\u00fc 4 x 250 g - TK - HERZLADEN - Lichtvoll f\u00fcr Mensch, Tier und Mutter Erde - Webshop<\/title>\n<meta name=\"robots\" content=\"index, follow, max-snippet:-1, max-image-preview:large, max-video-preview:-1\" \/>\n<link rel=\"canonical\" href=\"https:\/\/www.herzladen.ch\/webshop\/?product=poulet-barf-menue-4-x-250-g-tk\" \/>\n<meta property=\"og:locale\" content=\"de_DE\" \/>\n<meta property=\"og:type\" content=\"article\" \/>\n<meta property=\"og:title\" content=\"Poulet BARF Men\u00fc 4 x 250 g - TK - HERZLADEN - Lichtvoll f\u00fcr Mensch, Tier und Mutter Erde - Webshop\" \/>\n<meta property=\"og:description\" content=\"WICHTIGE INFORMATION:In Zusammenarbeit mit unserer wundervollen, regionalen Metzgerei &#8222;MUU Metzgerei &amp; Catering&#8220; in Bauma pr\u00e4sentieren wir euch unsere neuen BARF-Men\u00fcs (Lamm, Rind, Poulet und Wild).Wir freuen uns euch die neuen Men\u00fcs aus regionalem Schweizer Fleisch (aus dem Z\u00fcrcher Oberland) anzubieten und sind gespannt, wie sie euren Vierbeinern schmecken werden.Ein Traum von uns, frische Men\u00fcs von [&hellip;]\" \/>\n<meta property=\"og:url\" content=\"https:\/\/www.herzladen.ch\/webshop\/?product=poulet-barf-menue-4-x-250-g-tk\" \/>\n<meta property=\"og:site_name\" content=\"HERZLADEN - Lichtvoll f\u00fcr Mensch, Tier und Mutter Erde - Webshop\" \/>\n<meta property=\"article:modified_time\" content=\"2025-02-19T10:12:37+00:00\" \/>\n<meta property=\"og:image\" content=\"https:\/\/www.herzladen.ch\/webshop\/wp-content\/uploads\/2023\/09\/7640138893537.jpg\" \/>\n\t<meta property=\"og:image:width\" content=\"1200\" \/>\n\t<meta property=\"og:image:height\" content=\"960\" \/>\n\t<meta property=\"og:image:type\" content=\"image\/jpeg\" \/>\n<meta name=\"twitter:card\" content=\"summary_large_image\" \/>\n<meta name=\"twitter:label1\" content=\"Gesch\u00e4tzte Lesezeit\" \/>\n\t<meta name=\"twitter:data1\" content=\"2\u00a0Minuten\" \/>\n<script type=\"application\/ld+json\" class=\"yoast-schema-graph\">{\"@context\":\"https:\/\/schema.org\",\"@graph\":[{\"@type\":\"WebPage\",\"@id\":\"https:\/\/www.herzladen.ch\/webshop\/?product=poulet-barf-menue-4-x-250-g-tk\",\"url\":\"https:\/\/www.herzladen.ch\/webshop\/?product=poulet-barf-menue-4-x-250-g-tk\",\"name\":\"Poulet BARF Men\u00fc 4 x 250 g - TK - HERZLADEN - Lichtvoll f\u00fcr Mensch, Tier und Mutter Erde - Webshop\",\"isPartOf\":{\"@id\":\"https:\/\/www.herzladen.ch\/webshop\/#website\"},\"primaryImageOfPage\":{\"@id\":\"https:\/\/www.herzladen.ch\/webshop\/?product=poulet-barf-menue-4-x-250-g-tk#primaryimage\"},\"image\":{\"@id\":\"https:\/\/www.herzladen.ch\/webshop\/?product=poulet-barf-menue-4-x-250-g-tk#primaryimage\"},\"thumbnailUrl\":\"https:\/\/www.herzladen.ch\/webshop\/wp-content\/uploads\/2023\/09\/7640138893537.jpg\",\"datePublished\":\"2023-09-04T13:33:15+00:00\",\"dateModified\":\"2025-02-19T10:12:37+00:00\",\"breadcrumb\":{\"@id\":\"https:\/\/www.herzladen.ch\/webshop\/?product=poulet-barf-menue-4-x-250-g-tk#breadcrumb\"},\"inLanguage\":\"de\",\"potentialAction\":[{\"@type\":\"ReadAction\",\"target\":[\"https:\/\/www.herzladen.ch\/webshop\/?product=poulet-barf-menue-4-x-250-g-tk\"]}]},{\"@type\":\"ImageObject\",\"inLanguage\":\"de\",\"@id\":\"https:\/\/www.herzladen.ch\/webshop\/?product=poulet-barf-menue-4-x-250-g-tk#primaryimage\",\"url\":\"https:\/\/www.herzladen.ch\/webshop\/wp-content\/uploads\/2023\/09\/7640138893537.jpg\",\"contentUrl\":\"https:\/\/www.herzladen.ch\/webshop\/wp-content\/uploads\/2023\/09\/7640138893537.jpg\",\"width\":1200,\"height\":960},{\"@type\":\"BreadcrumbList\",\"@id\":\"https:\/\/www.herzladen.ch\/webshop\/?product=poulet-barf-menue-4-x-250-g-tk#breadcrumb\",\"itemListElement\":[{\"@type\":\"ListItem\",\"position\":1,\"name\":\"Startseite\",\"item\":\"https:\/\/www.herzladen.ch\/webshop\/\"},{\"@type\":\"ListItem\",\"position\":2,\"name\":\"Shop\",\"item\":\"https:\/\/www.herzladen.ch\/webshop\/?page_id=5\"},{\"@type\":\"ListItem\",\"position\":3,\"name\":\"Poulet BARF Men\u00fc 4 x 250 g &#8211; TK\"}]},{\"@type\":\"WebSite\",\"@id\":\"https:\/\/www.herzladen.ch\/webshop\/#website\",\"url\":\"https:\/\/www.herzladen.ch\/webshop\/\",\"name\":\"HERZLADEN - Lichtvoll f\u00fcr Mensch, Tier und Mutter Erde - Webshop\",\"description\":\"\",\"publisher\":{\"@id\":\"https:\/\/www.herzladen.ch\/webshop\/#organization\"},\"potentialAction\":[{\"@type\":\"SearchAction\",\"target\":{\"@type\":\"EntryPoint\",\"urlTemplate\":\"https:\/\/www.herzladen.ch\/webshop\/?s={search_term_string}\"},\"query-input\":{\"@type\":\"PropertyValueSpecification\",\"valueRequired\":true,\"valueName\":\"search_term_string\"}}],\"inLanguage\":\"de\"},{\"@type\":\"Organization\",\"@id\":\"https:\/\/www.herzladen.ch\/webshop\/#organization\",\"name\":\"HERZLADEN - Lichtvoll f\u00fcr Mensch, Tier und Mutter Erde - Webshop\",\"url\":\"https:\/\/www.herzladen.ch\/webshop\/\",\"logo\":{\"@type\":\"ImageObject\",\"inLanguage\":\"de\",\"@id\":\"https:\/\/www.herzladen.ch\/webshop\/#\/schema\/logo\/image\/\",\"url\":\"https:\/\/www.herzladen.ch\/webshop\/wp-content\/uploads\/2023\/08\/Logo-Herzladen-scaled.jpg\",\"contentUrl\":\"https:\/\/www.herzladen.ch\/webshop\/wp-content\/uploads\/2023\/08\/Logo-Herzladen-scaled.jpg\",\"width\":2560,\"height\":728,\"caption\":\"HERZLADEN - Lichtvoll f\u00fcr Mensch, Tier und Mutter Erde - Webshop\"},\"image\":{\"@id\":\"https:\/\/www.herzladen.ch\/webshop\/#\/schema\/logo\/image\/\"}}]}<\/script>\n<!-- \/ Yoast SEO plugin. -->","yoast_head_json":{"title":"Poulet BARF Men\u00fc 4 x 250 g - TK - HERZLADEN - Lichtvoll f\u00fcr Mensch, Tier und Mutter Erde - Webshop","robots":{"index":"index","follow":"follow","max-snippet":"max-snippet:-1","max-image-preview":"max-image-preview:large","max-video-preview":"max-video-preview:-1"},"canonical":"https:\/\/www.herzladen.ch\/webshop\/?product=poulet-barf-menue-4-x-250-g-tk","og_locale":"de_DE","og_type":"article","og_title":"Poulet BARF Men\u00fc 4 x 250 g - TK - HERZLADEN - Lichtvoll f\u00fcr Mensch, Tier und Mutter Erde - Webshop","og_description":"WICHTIGE INFORMATION:In Zusammenarbeit mit unserer wundervollen, regionalen Metzgerei &#8222;MUU Metzgerei &amp; Catering&#8220; in Bauma pr\u00e4sentieren wir euch unsere neuen BARF-Men\u00fcs (Lamm, Rind, Poulet und Wild).Wir freuen uns euch die neuen Men\u00fcs aus regionalem Schweizer Fleisch (aus dem Z\u00fcrcher Oberland) anzubieten und sind gespannt, wie sie euren Vierbeinern schmecken werden.Ein Traum von uns, frische Men\u00fcs von [&hellip;]","og_url":"https:\/\/www.herzladen.ch\/webshop\/?product=poulet-barf-menue-4-x-250-g-tk","og_site_name":"HERZLADEN - Lichtvoll f\u00fcr Mensch, Tier und Mutter Erde - Webshop","article_modified_time":"2025-02-19T10:12:37+00:00","og_image":[{"width":1200,"height":960,"url":"https:\/\/www.herzladen.ch\/webshop\/wp-content\/uploads\/2023\/09\/7640138893537.jpg","type":"image\/jpeg"}],"twitter_card":"summary_large_image","twitter_misc":{"Gesch\u00e4tzte Lesezeit":"2\u00a0Minuten"},"schema":{"@context":"https:\/\/schema.org","@graph":[{"@type":"WebPage","@id":"https:\/\/www.herzladen.ch\/webshop\/?product=poulet-barf-menue-4-x-250-g-tk","url":"https:\/\/www.herzladen.ch\/webshop\/?product=poulet-barf-menue-4-x-250-g-tk","name":"Poulet BARF Men\u00fc 4 x 250 g - TK - HERZLADEN - Lichtvoll f\u00fcr Mensch, Tier und Mutter Erde - Webshop","isPartOf":{"@id":"https:\/\/www.herzladen.ch\/webshop\/#website"},"primaryImageOfPage":{"@id":"https:\/\/www.herzladen.ch\/webshop\/?product=poulet-barf-menue-4-x-250-g-tk#primaryimage"},"image":{"@id":"https:\/\/www.herzladen.ch\/webshop\/?product=poulet-barf-menue-4-x-250-g-tk#primaryimage"},"thumbnailUrl":"https:\/\/www.herzladen.ch\/webshop\/wp-content\/uploads\/2023\/09\/7640138893537.jpg","datePublished":"2023-09-04T13:33:15+00:00","dateModified":"2025-02-19T10:12:37+00:00","breadcrumb":{"@id":"https:\/\/www.herzladen.ch\/webshop\/?product=poulet-barf-menue-4-x-250-g-tk#breadcrumb"},"inLanguage":"de","potentialAction":[{"@type":"ReadAction","target":["https:\/\/www.herzladen.ch\/webshop\/?product=poulet-barf-menue-4-x-250-g-tk"]}]},{"@type":"ImageObject","inLanguage":"de","@id":"https:\/\/www.herzladen.ch\/webshop\/?product=poulet-barf-menue-4-x-250-g-tk#primaryimage","url":"https:\/\/www.herzladen.ch\/webshop\/wp-content\/uploads\/2023\/09\/7640138893537.jpg","contentUrl":"https:\/\/www.herzladen.ch\/webshop\/wp-content\/uploads\/2023\/09\/7640138893537.jpg","width":1200,"height":960},{"@type":"BreadcrumbList","@id":"https:\/\/www.herzladen.ch\/webshop\/?product=poulet-barf-menue-4-x-250-g-tk#breadcrumb","itemListElement":[{"@type":"ListItem","position":1,"name":"Startseite","item":"https:\/\/www.herzladen.ch\/webshop\/"},{"@type":"ListItem","position":2,"name":"Shop","item":"https:\/\/www.herzladen.ch\/webshop\/?page_id=5"},{"@type":"ListItem","position":3,"name":"Poulet BARF Men\u00fc 4 x 250 g &#8211; TK"}]},{"@type":"WebSite","@id":"https:\/\/www.herzladen.ch\/webshop\/#website","url":"https:\/\/www.herzladen.ch\/webshop\/","name":"HERZLADEN - Lichtvoll f\u00fcr Mensch, Tier und Mutter Erde - Webshop","description":"","publisher":{"@id":"https:\/\/www.herzladen.ch\/webshop\/#organization"},"potentialAction":[{"@type":"SearchAction","target":{"@type":"EntryPoint","urlTemplate":"https:\/\/www.herzladen.ch\/webshop\/?s={search_term_string}"},"query-input":{"@type":"PropertyValueSpecification","valueRequired":true,"valueName":"search_term_string"}}],"inLanguage":"de"},{"@type":"Organization","@id":"https:\/\/www.herzladen.ch\/webshop\/#organization","name":"HERZLADEN - Lichtvoll f\u00fcr Mensch, Tier und Mutter Erde - Webshop","url":"https:\/\/www.herzladen.ch\/webshop\/","logo":{"@type":"ImageObject","inLanguage":"de","@id":"https:\/\/www.herzladen.ch\/webshop\/#\/schema\/logo\/image\/","url":"https:\/\/www.herzladen.ch\/webshop\/wp-content\/uploads\/2023\/08\/Logo-Herzladen-scaled.jpg","contentUrl":"https:\/\/www.herzladen.ch\/webshop\/wp-content\/uploads\/2023\/08\/Logo-Herzladen-scaled.jpg","width":2560,"height":728,"caption":"HERZLADEN - Lichtvoll f\u00fcr Mensch, Tier und Mutter Erde - Webshop"},"image":{"@id":"https:\/\/www.herzladen.ch\/webshop\/#\/schema\/logo\/image\/"}}]}},"jetpack_sharing_enabled":true,"_links":{"self":[{"href":"https:\/\/www.herzladen.ch\/webshop\/index.php?rest_route=\/wp\/v2\/product\/9783952534574","targetHints":{"allow":["GET"]}}],"collection":[{"href":"https:\/\/www.herzladen.ch\/webshop\/index.php?rest_route=\/wp\/v2\/product"}],"about":[{"href":"https:\/\/www.herzladen.ch\/webshop\/index.php?rest_route=\/wp\/v2\/types\/product"}],"replies":[{"embeddable":true,"href":"https:\/\/www.herzladen.ch\/webshop\/index.php?rest_route=%2Fwp%2Fv2%2Fcomments&post=9783952534574"}],"wp:featuredmedia":[{"embeddable":true,"href":"https:\/\/www.herzladen.ch\/webshop\/index.php?rest_route=\/wp\/v2\/media\/9783952534230"}],"wp:attachment":[{"href":"https:\/\/www.herzladen.ch\/webshop\/index.php?rest_route=%2Fwp%2Fv2%2Fmedia&parent=9783952534574"}],"wp:term":[{"taxonomy":"product_brand","embeddable":true,"href":"https:\/\/www.herzladen.ch\/webshop\/index.php?rest_route=%2Fwp%2Fv2%2Fproduct_brand&post=9783952534574"},{"taxonomy":"product_cat","embeddable":true,"href":"https:\/\/www.herzladen.ch\/webshop\/index.php?rest_route=%2Fwp%2Fv2%2Fproduct_cat&post=9783952534574"},{"taxonomy":"product_tag","embeddable":true,"href":"https:\/\/www.herzladen.ch\/webshop\/index.php?rest_route=%2Fwp%2Fv2%2Fproduct_tag&post=9783952534574"}],"curies":[{"name":"wp","href":"https:\/\/api.w.org\/{rel}","templated":true}]}}