{"id":129032,"date":"2023-09-19T06:46:03","date_gmt":"2023-09-19T06:46:03","guid":{"rendered":"https:\/\/www.herzladen.ch\/webshop\/?post_type=product&#038;p=129032"},"modified":"2024-05-08T09:29:22","modified_gmt":"2024-05-08T09:29:22","slug":"lulu-shampoo-bar","status":"publish","type":"product","link":"https:\/\/www.herzladen.ch\/webshop\/?product=lulu-shampoo-bar","title":{"rendered":"Lulu &#8211; Shampoo Bar &#8211; feines Haar, wirkt st\u00e4rkend"},"content":{"rendered":"<p>F\u00fcr feines Haar<\/p>\n<p>Rizinus\u00f6l st\u00e4rkt das Haar bis in die Wurzel, macht es dicker und verleiht ihm Glanz, ohne zu beschweren. Jojoba\u00f6l spendet Feuchtigkeit und beugt Spliss vor. Es sch\u00fctzt vor Austrocknung und spendet Feuchtigkeit. Getrocknete Bl\u00fctenbl\u00e4tter macht die Shampoo Bar zu einem Wellness Erlebnis.<\/p>\n<p>Duft: blumig, frisch, leicht, s\u00fcss<br \/>Inhaltsstoffe: Alkohol, Bl\u00fcten von Rosen, Cetylalkohol, Haarguar, Jojoba\u00f6l, Kornblumen, Kurquat, Lavendel, Rizinus\u00f6l, Sodium Coco Sulfate, Sodium Cocoyl Isethionate, Sucrose Cocoate, Zitronens\u00e4ure, \u00c4therische \u00d6le<br \/>Deklarationspflichtige Allergene: Benzyl Acetate, Benzyl Benzoate, Benzyl Salicylate, Citral, Farnesol, Geraniol, Limonene, Linalool<\/p>\n","protected":false},"excerpt":{"rendered":"<p>F\u00fcr feines Haar Rizinus\u00f6l st\u00e4rkt das Haar bis in die Wurzel, macht es dicker und verleiht ihm Glanz, ohne zu beschweren. Jojoba\u00f6l spendet Feuchtigkeit und beugt Spliss vor. Es sch\u00fctzt vor Austrocknung und spendet Feuchtigkeit. Getrocknete Bl\u00fctenbl\u00e4tter macht die Shampoo Bar zu einem Wellness Erlebnis. Duft: blumig, frisch, leicht, s\u00fcssInhaltsstoffe: Alkohol, Bl\u00fcten von Rosen, Cetylalkohol, [&hellip;]<\/p>\n","protected":false},"featured_media":9783952534844,"comment_status":"open","ping_status":"closed","template":"","meta":[],"product_brand":[],"product_cat":[114],"product_tag":[125],"class_list":{"0":"post-129032","1":"product","2":"type-product","3":"status-publish","4":"has-post-thumbnail","6":"product_cat-seifen-mensch","7":"product_tag-seifenkiste","9":"first","10":"instock","11":"shipping-taxable","12":"purchasable","13":"product-type-simple"},"yoast_head":"<!-- This site is optimized with the Yoast SEO plugin v26.6 - https:\/\/yoast.com\/wordpress\/plugins\/seo\/ -->\n<title>Lulu - Shampoo Bar - feines Haar, wirkt st\u00e4rkend - HERZLADEN - Lichtvoll f\u00fcr Mensch, Tier und Mutter Erde - Webshop<\/title>\n<meta name=\"robots\" content=\"index, follow, max-snippet:-1, max-image-preview:large, max-video-preview:-1\" \/>\n<link rel=\"canonical\" href=\"https:\/\/www.herzladen.ch\/webshop\/?product=lulu-shampoo-bar\" \/>\n<meta property=\"og:locale\" content=\"de_DE\" \/>\n<meta property=\"og:type\" content=\"article\" \/>\n<meta property=\"og:title\" content=\"Lulu - Shampoo Bar - feines Haar, wirkt st\u00e4rkend - HERZLADEN - Lichtvoll f\u00fcr Mensch, Tier und Mutter Erde - Webshop\" \/>\n<meta property=\"og:description\" content=\"F\u00fcr feines Haar Rizinus\u00f6l st\u00e4rkt das Haar bis in die Wurzel, macht es dicker und verleiht ihm Glanz, ohne zu beschweren. Jojoba\u00f6l spendet Feuchtigkeit und beugt Spliss vor. Es sch\u00fctzt vor Austrocknung und spendet Feuchtigkeit. Getrocknete Bl\u00fctenbl\u00e4tter macht die Shampoo Bar zu einem Wellness Erlebnis. Duft: blumig, frisch, leicht, s\u00fcssInhaltsstoffe: Alkohol, Bl\u00fcten von Rosen, Cetylalkohol, [&hellip;]\" \/>\n<meta property=\"og:url\" content=\"https:\/\/www.herzladen.ch\/webshop\/?product=lulu-shampoo-bar\" \/>\n<meta property=\"og:site_name\" content=\"HERZLADEN - Lichtvoll f\u00fcr Mensch, Tier und Mutter Erde - Webshop\" \/>\n<meta property=\"article:modified_time\" content=\"2024-05-08T09:29:22+00:00\" \/>\n<meta property=\"og:image\" content=\"https:\/\/www.herzladen.ch\/webshop\/wp-content\/uploads\/2023\/09\/129032.jpg\" \/>\n\t<meta property=\"og:image:width\" content=\"550\" \/>\n\t<meta property=\"og:image:height\" content=\"550\" \/>\n\t<meta property=\"og:image:type\" content=\"image\/jpeg\" \/>\n<meta name=\"twitter:card\" content=\"summary_large_image\" \/>\n<meta name=\"twitter:label1\" content=\"Gesch\u00e4tzte Lesezeit\" \/>\n\t<meta name=\"twitter:data1\" content=\"1\u00a0Minute\" \/>\n<script type=\"application\/ld+json\" class=\"yoast-schema-graph\">{\"@context\":\"https:\/\/schema.org\",\"@graph\":[{\"@type\":\"WebPage\",\"@id\":\"https:\/\/www.herzladen.ch\/webshop\/?product=lulu-shampoo-bar\",\"url\":\"https:\/\/www.herzladen.ch\/webshop\/?product=lulu-shampoo-bar\",\"name\":\"Lulu - Shampoo Bar - feines Haar, wirkt st\u00e4rkend - HERZLADEN - Lichtvoll f\u00fcr Mensch, Tier und Mutter Erde - Webshop\",\"isPartOf\":{\"@id\":\"https:\/\/www.herzladen.ch\/webshop\/#website\"},\"primaryImageOfPage\":{\"@id\":\"https:\/\/www.herzladen.ch\/webshop\/?product=lulu-shampoo-bar#primaryimage\"},\"image\":{\"@id\":\"https:\/\/www.herzladen.ch\/webshop\/?product=lulu-shampoo-bar#primaryimage\"},\"thumbnailUrl\":\"https:\/\/www.herzladen.ch\/webshop\/wp-content\/uploads\/2023\/09\/129032.jpg\",\"datePublished\":\"2023-09-19T06:46:03+00:00\",\"dateModified\":\"2024-05-08T09:29:22+00:00\",\"breadcrumb\":{\"@id\":\"https:\/\/www.herzladen.ch\/webshop\/?product=lulu-shampoo-bar#breadcrumb\"},\"inLanguage\":\"de\",\"potentialAction\":[{\"@type\":\"ReadAction\",\"target\":[\"https:\/\/www.herzladen.ch\/webshop\/?product=lulu-shampoo-bar\"]}]},{\"@type\":\"ImageObject\",\"inLanguage\":\"de\",\"@id\":\"https:\/\/www.herzladen.ch\/webshop\/?product=lulu-shampoo-bar#primaryimage\",\"url\":\"https:\/\/www.herzladen.ch\/webshop\/wp-content\/uploads\/2023\/09\/129032.jpg\",\"contentUrl\":\"https:\/\/www.herzladen.ch\/webshop\/wp-content\/uploads\/2023\/09\/129032.jpg\",\"width\":550,\"height\":550},{\"@type\":\"BreadcrumbList\",\"@id\":\"https:\/\/www.herzladen.ch\/webshop\/?product=lulu-shampoo-bar#breadcrumb\",\"itemListElement\":[{\"@type\":\"ListItem\",\"position\":1,\"name\":\"Startseite\",\"item\":\"https:\/\/www.herzladen.ch\/webshop\/\"},{\"@type\":\"ListItem\",\"position\":2,\"name\":\"Shop\",\"item\":\"https:\/\/www.herzladen.ch\/webshop\/?page_id=5\"},{\"@type\":\"ListItem\",\"position\":3,\"name\":\"Lulu &#8211; Shampoo Bar &#8211; feines Haar, wirkt st\u00e4rkend\"}]},{\"@type\":\"WebSite\",\"@id\":\"https:\/\/www.herzladen.ch\/webshop\/#website\",\"url\":\"https:\/\/www.herzladen.ch\/webshop\/\",\"name\":\"HERZLADEN - Lichtvoll f\u00fcr Mensch, Tier und Mutter Erde - Webshop\",\"description\":\"\",\"publisher\":{\"@id\":\"https:\/\/www.herzladen.ch\/webshop\/#organization\"},\"potentialAction\":[{\"@type\":\"SearchAction\",\"target\":{\"@type\":\"EntryPoint\",\"urlTemplate\":\"https:\/\/www.herzladen.ch\/webshop\/?s={search_term_string}\"},\"query-input\":{\"@type\":\"PropertyValueSpecification\",\"valueRequired\":true,\"valueName\":\"search_term_string\"}}],\"inLanguage\":\"de\"},{\"@type\":\"Organization\",\"@id\":\"https:\/\/www.herzladen.ch\/webshop\/#organization\",\"name\":\"HERZLADEN - Lichtvoll f\u00fcr Mensch, Tier und Mutter Erde - Webshop\",\"url\":\"https:\/\/www.herzladen.ch\/webshop\/\",\"logo\":{\"@type\":\"ImageObject\",\"inLanguage\":\"de\",\"@id\":\"https:\/\/www.herzladen.ch\/webshop\/#\/schema\/logo\/image\/\",\"url\":\"https:\/\/www.herzladen.ch\/webshop\/wp-content\/uploads\/2023\/08\/Logo-Herzladen-scaled.jpg\",\"contentUrl\":\"https:\/\/www.herzladen.ch\/webshop\/wp-content\/uploads\/2023\/08\/Logo-Herzladen-scaled.jpg\",\"width\":2560,\"height\":728,\"caption\":\"HERZLADEN - Lichtvoll f\u00fcr Mensch, Tier und Mutter Erde - Webshop\"},\"image\":{\"@id\":\"https:\/\/www.herzladen.ch\/webshop\/#\/schema\/logo\/image\/\"}}]}<\/script>\n<!-- \/ Yoast SEO plugin. -->","yoast_head_json":{"title":"Lulu - Shampoo Bar - feines Haar, wirkt st\u00e4rkend - HERZLADEN - Lichtvoll f\u00fcr Mensch, Tier und Mutter Erde - Webshop","robots":{"index":"index","follow":"follow","max-snippet":"max-snippet:-1","max-image-preview":"max-image-preview:large","max-video-preview":"max-video-preview:-1"},"canonical":"https:\/\/www.herzladen.ch\/webshop\/?product=lulu-shampoo-bar","og_locale":"de_DE","og_type":"article","og_title":"Lulu - Shampoo Bar - feines Haar, wirkt st\u00e4rkend - HERZLADEN - Lichtvoll f\u00fcr Mensch, Tier und Mutter Erde - Webshop","og_description":"F\u00fcr feines Haar Rizinus\u00f6l st\u00e4rkt das Haar bis in die Wurzel, macht es dicker und verleiht ihm Glanz, ohne zu beschweren. Jojoba\u00f6l spendet Feuchtigkeit und beugt Spliss vor. Es sch\u00fctzt vor Austrocknung und spendet Feuchtigkeit. Getrocknete Bl\u00fctenbl\u00e4tter macht die Shampoo Bar zu einem Wellness Erlebnis. Duft: blumig, frisch, leicht, s\u00fcssInhaltsstoffe: Alkohol, Bl\u00fcten von Rosen, Cetylalkohol, [&hellip;]","og_url":"https:\/\/www.herzladen.ch\/webshop\/?product=lulu-shampoo-bar","og_site_name":"HERZLADEN - Lichtvoll f\u00fcr Mensch, Tier und Mutter Erde - Webshop","article_modified_time":"2024-05-08T09:29:22+00:00","og_image":[{"width":550,"height":550,"url":"https:\/\/www.herzladen.ch\/webshop\/wp-content\/uploads\/2023\/09\/129032.jpg","type":"image\/jpeg"}],"twitter_card":"summary_large_image","twitter_misc":{"Gesch\u00e4tzte Lesezeit":"1\u00a0Minute"},"schema":{"@context":"https:\/\/schema.org","@graph":[{"@type":"WebPage","@id":"https:\/\/www.herzladen.ch\/webshop\/?product=lulu-shampoo-bar","url":"https:\/\/www.herzladen.ch\/webshop\/?product=lulu-shampoo-bar","name":"Lulu - Shampoo Bar - feines Haar, wirkt st\u00e4rkend - HERZLADEN - Lichtvoll f\u00fcr Mensch, Tier und Mutter Erde - Webshop","isPartOf":{"@id":"https:\/\/www.herzladen.ch\/webshop\/#website"},"primaryImageOfPage":{"@id":"https:\/\/www.herzladen.ch\/webshop\/?product=lulu-shampoo-bar#primaryimage"},"image":{"@id":"https:\/\/www.herzladen.ch\/webshop\/?product=lulu-shampoo-bar#primaryimage"},"thumbnailUrl":"https:\/\/www.herzladen.ch\/webshop\/wp-content\/uploads\/2023\/09\/129032.jpg","datePublished":"2023-09-19T06:46:03+00:00","dateModified":"2024-05-08T09:29:22+00:00","breadcrumb":{"@id":"https:\/\/www.herzladen.ch\/webshop\/?product=lulu-shampoo-bar#breadcrumb"},"inLanguage":"de","potentialAction":[{"@type":"ReadAction","target":["https:\/\/www.herzladen.ch\/webshop\/?product=lulu-shampoo-bar"]}]},{"@type":"ImageObject","inLanguage":"de","@id":"https:\/\/www.herzladen.ch\/webshop\/?product=lulu-shampoo-bar#primaryimage","url":"https:\/\/www.herzladen.ch\/webshop\/wp-content\/uploads\/2023\/09\/129032.jpg","contentUrl":"https:\/\/www.herzladen.ch\/webshop\/wp-content\/uploads\/2023\/09\/129032.jpg","width":550,"height":550},{"@type":"BreadcrumbList","@id":"https:\/\/www.herzladen.ch\/webshop\/?product=lulu-shampoo-bar#breadcrumb","itemListElement":[{"@type":"ListItem","position":1,"name":"Startseite","item":"https:\/\/www.herzladen.ch\/webshop\/"},{"@type":"ListItem","position":2,"name":"Shop","item":"https:\/\/www.herzladen.ch\/webshop\/?page_id=5"},{"@type":"ListItem","position":3,"name":"Lulu &#8211; Shampoo Bar &#8211; feines Haar, wirkt st\u00e4rkend"}]},{"@type":"WebSite","@id":"https:\/\/www.herzladen.ch\/webshop\/#website","url":"https:\/\/www.herzladen.ch\/webshop\/","name":"HERZLADEN - Lichtvoll f\u00fcr Mensch, Tier und Mutter Erde - Webshop","description":"","publisher":{"@id":"https:\/\/www.herzladen.ch\/webshop\/#organization"},"potentialAction":[{"@type":"SearchAction","target":{"@type":"EntryPoint","urlTemplate":"https:\/\/www.herzladen.ch\/webshop\/?s={search_term_string}"},"query-input":{"@type":"PropertyValueSpecification","valueRequired":true,"valueName":"search_term_string"}}],"inLanguage":"de"},{"@type":"Organization","@id":"https:\/\/www.herzladen.ch\/webshop\/#organization","name":"HERZLADEN - Lichtvoll f\u00fcr Mensch, Tier und Mutter Erde - Webshop","url":"https:\/\/www.herzladen.ch\/webshop\/","logo":{"@type":"ImageObject","inLanguage":"de","@id":"https:\/\/www.herzladen.ch\/webshop\/#\/schema\/logo\/image\/","url":"https:\/\/www.herzladen.ch\/webshop\/wp-content\/uploads\/2023\/08\/Logo-Herzladen-scaled.jpg","contentUrl":"https:\/\/www.herzladen.ch\/webshop\/wp-content\/uploads\/2023\/08\/Logo-Herzladen-scaled.jpg","width":2560,"height":728,"caption":"HERZLADEN - Lichtvoll f\u00fcr Mensch, Tier und Mutter Erde - Webshop"},"image":{"@id":"https:\/\/www.herzladen.ch\/webshop\/#\/schema\/logo\/image\/"}}]}},"jetpack_sharing_enabled":true,"_links":{"self":[{"href":"https:\/\/www.herzladen.ch\/webshop\/index.php?rest_route=\/wp\/v2\/product\/129032","targetHints":{"allow":["GET"]}}],"collection":[{"href":"https:\/\/www.herzladen.ch\/webshop\/index.php?rest_route=\/wp\/v2\/product"}],"about":[{"href":"https:\/\/www.herzladen.ch\/webshop\/index.php?rest_route=\/wp\/v2\/types\/product"}],"replies":[{"embeddable":true,"href":"https:\/\/www.herzladen.ch\/webshop\/index.php?rest_route=%2Fwp%2Fv2%2Fcomments&post=129032"}],"wp:featuredmedia":[{"embeddable":true,"href":"https:\/\/www.herzladen.ch\/webshop\/index.php?rest_route=\/wp\/v2\/media\/9783952534844"}],"wp:attachment":[{"href":"https:\/\/www.herzladen.ch\/webshop\/index.php?rest_route=%2Fwp%2Fv2%2Fmedia&parent=129032"}],"wp:term":[{"taxonomy":"product_brand","embeddable":true,"href":"https:\/\/www.herzladen.ch\/webshop\/index.php?rest_route=%2Fwp%2Fv2%2Fproduct_brand&post=129032"},{"taxonomy":"product_cat","embeddable":true,"href":"https:\/\/www.herzladen.ch\/webshop\/index.php?rest_route=%2Fwp%2Fv2%2Fproduct_cat&post=129032"},{"taxonomy":"product_tag","embeddable":true,"href":"https:\/\/www.herzladen.ch\/webshop\/index.php?rest_route=%2Fwp%2Fv2%2Fproduct_tag&post=129032"}],"curies":[{"name":"wp","href":"https:\/\/api.w.org\/{rel}","templated":true}]}}