{"id":129031,"date":"2023-09-19T06:46:01","date_gmt":"2023-09-19T06:46:01","guid":{"rendered":"https:\/\/www.herzladen.ch\/webshop\/?post_type=product&#038;p=129031"},"modified":"2024-05-08T09:29:22","modified_gmt":"2024-05-08T09:29:22","slug":"hugo-shampoo-bar","status":"publish","type":"product","link":"https:\/\/www.herzladen.ch\/webshop\/?product=hugo-shampoo-bar","title":{"rendered":"Hugo &#8211; Shampoo Bar &#8211; gereizte Kopfhaut"},"content":{"rendered":"<p>F\u00fcr gereizte Kopfhaut<\/p>\n<p>Das Hanf\u00f6l ist ideal bei juckender und gereizter Kopfhaut und versorgt die Kopfhaut mit Feuchtigkeit. Vitamine, Mineralstoffe und Ballaststoffe erhalten die Kopfhaut gesund. Die Shea Butter in der Bar reguliert den Feuchtigkeitsgehalt der Haut und wirkt beruhigend. Die Haare werden gl\u00e4nzend und geschmeidig.<\/p>\n<p>Duft: frisch, herb, schwer, s\u00fcss<br \/>Inhaltsstoffe: Alkohol, Cetylalkohol, Haarguar, Hanf\u00f6l, Kurquat, Sheabutter, Sodium Coco Sulfate, Sodium Cocoyl Isethionate, Sucrose Cocoate, Zitronens\u00e4ure, \u00c4therische \u00d6le<br \/>Deklarationspflichtige Allergene: Cinnamal, Citral, Limonene, Linalool<\/p>\n","protected":false},"excerpt":{"rendered":"<p>F\u00fcr gereizte Kopfhaut Das Hanf\u00f6l ist ideal bei juckender und gereizter Kopfhaut und versorgt die Kopfhaut mit Feuchtigkeit. Vitamine, Mineralstoffe und Ballaststoffe erhalten die Kopfhaut gesund. Die Shea Butter in der Bar reguliert den Feuchtigkeitsgehalt der Haut und wirkt beruhigend. Die Haare werden gl\u00e4nzend und geschmeidig. Duft: frisch, herb, schwer, s\u00fcssInhaltsstoffe: Alkohol, Cetylalkohol, Haarguar, Hanf\u00f6l, [&hellip;]<\/p>\n","protected":false},"featured_media":9783952534843,"comment_status":"open","ping_status":"closed","template":"","meta":[],"product_brand":[],"product_cat":[114],"product_tag":[125],"class_list":{"0":"post-129031","1":"product","2":"type-product","3":"status-publish","4":"has-post-thumbnail","6":"product_cat-seifen-mensch","7":"product_tag-seifenkiste","9":"first","10":"instock","11":"shipping-taxable","12":"purchasable","13":"product-type-simple"},"yoast_head":"<!-- This site is optimized with the Yoast SEO plugin v26.6 - https:\/\/yoast.com\/wordpress\/plugins\/seo\/ -->\n<title>Hugo - Shampoo Bar - gereizte Kopfhaut - HERZLADEN - Lichtvoll f\u00fcr Mensch, Tier und Mutter Erde - Webshop<\/title>\n<meta name=\"robots\" content=\"index, follow, max-snippet:-1, max-image-preview:large, max-video-preview:-1\" \/>\n<link rel=\"canonical\" href=\"https:\/\/www.herzladen.ch\/webshop\/?product=hugo-shampoo-bar\" \/>\n<meta property=\"og:locale\" content=\"de_DE\" \/>\n<meta property=\"og:type\" content=\"article\" \/>\n<meta property=\"og:title\" content=\"Hugo - Shampoo Bar - gereizte Kopfhaut - HERZLADEN - Lichtvoll f\u00fcr Mensch, Tier und Mutter Erde - Webshop\" \/>\n<meta property=\"og:description\" content=\"F\u00fcr gereizte Kopfhaut Das Hanf\u00f6l ist ideal bei juckender und gereizter Kopfhaut und versorgt die Kopfhaut mit Feuchtigkeit. Vitamine, Mineralstoffe und Ballaststoffe erhalten die Kopfhaut gesund. Die Shea Butter in der Bar reguliert den Feuchtigkeitsgehalt der Haut und wirkt beruhigend. Die Haare werden gl\u00e4nzend und geschmeidig. Duft: frisch, herb, schwer, s\u00fcssInhaltsstoffe: Alkohol, Cetylalkohol, Haarguar, Hanf\u00f6l, [&hellip;]\" \/>\n<meta property=\"og:url\" content=\"https:\/\/www.herzladen.ch\/webshop\/?product=hugo-shampoo-bar\" \/>\n<meta property=\"og:site_name\" content=\"HERZLADEN - Lichtvoll f\u00fcr Mensch, Tier und Mutter Erde - Webshop\" \/>\n<meta property=\"article:modified_time\" content=\"2024-05-08T09:29:22+00:00\" \/>\n<meta property=\"og:image\" content=\"https:\/\/www.herzladen.ch\/webshop\/wp-content\/uploads\/2023\/09\/129031.jpg\" \/>\n\t<meta property=\"og:image:width\" content=\"550\" \/>\n\t<meta property=\"og:image:height\" content=\"550\" \/>\n\t<meta property=\"og:image:type\" content=\"image\/jpeg\" \/>\n<meta name=\"twitter:card\" content=\"summary_large_image\" \/>\n<meta name=\"twitter:label1\" content=\"Gesch\u00e4tzte Lesezeit\" \/>\n\t<meta name=\"twitter:data1\" content=\"1\u00a0Minute\" \/>\n<script type=\"application\/ld+json\" class=\"yoast-schema-graph\">{\"@context\":\"https:\/\/schema.org\",\"@graph\":[{\"@type\":\"WebPage\",\"@id\":\"https:\/\/www.herzladen.ch\/webshop\/?product=hugo-shampoo-bar\",\"url\":\"https:\/\/www.herzladen.ch\/webshop\/?product=hugo-shampoo-bar\",\"name\":\"Hugo - Shampoo Bar - gereizte Kopfhaut - HERZLADEN - Lichtvoll f\u00fcr Mensch, Tier und Mutter Erde - Webshop\",\"isPartOf\":{\"@id\":\"https:\/\/www.herzladen.ch\/webshop\/#website\"},\"primaryImageOfPage\":{\"@id\":\"https:\/\/www.herzladen.ch\/webshop\/?product=hugo-shampoo-bar#primaryimage\"},\"image\":{\"@id\":\"https:\/\/www.herzladen.ch\/webshop\/?product=hugo-shampoo-bar#primaryimage\"},\"thumbnailUrl\":\"https:\/\/www.herzladen.ch\/webshop\/wp-content\/uploads\/2023\/09\/129031.jpg\",\"datePublished\":\"2023-09-19T06:46:01+00:00\",\"dateModified\":\"2024-05-08T09:29:22+00:00\",\"breadcrumb\":{\"@id\":\"https:\/\/www.herzladen.ch\/webshop\/?product=hugo-shampoo-bar#breadcrumb\"},\"inLanguage\":\"de\",\"potentialAction\":[{\"@type\":\"ReadAction\",\"target\":[\"https:\/\/www.herzladen.ch\/webshop\/?product=hugo-shampoo-bar\"]}]},{\"@type\":\"ImageObject\",\"inLanguage\":\"de\",\"@id\":\"https:\/\/www.herzladen.ch\/webshop\/?product=hugo-shampoo-bar#primaryimage\",\"url\":\"https:\/\/www.herzladen.ch\/webshop\/wp-content\/uploads\/2023\/09\/129031.jpg\",\"contentUrl\":\"https:\/\/www.herzladen.ch\/webshop\/wp-content\/uploads\/2023\/09\/129031.jpg\",\"width\":550,\"height\":550},{\"@type\":\"BreadcrumbList\",\"@id\":\"https:\/\/www.herzladen.ch\/webshop\/?product=hugo-shampoo-bar#breadcrumb\",\"itemListElement\":[{\"@type\":\"ListItem\",\"position\":1,\"name\":\"Startseite\",\"item\":\"https:\/\/www.herzladen.ch\/webshop\/\"},{\"@type\":\"ListItem\",\"position\":2,\"name\":\"Shop\",\"item\":\"https:\/\/www.herzladen.ch\/webshop\/?page_id=5\"},{\"@type\":\"ListItem\",\"position\":3,\"name\":\"Hugo &#8211; Shampoo Bar &#8211; gereizte Kopfhaut\"}]},{\"@type\":\"WebSite\",\"@id\":\"https:\/\/www.herzladen.ch\/webshop\/#website\",\"url\":\"https:\/\/www.herzladen.ch\/webshop\/\",\"name\":\"HERZLADEN - Lichtvoll f\u00fcr Mensch, Tier und Mutter Erde - Webshop\",\"description\":\"\",\"publisher\":{\"@id\":\"https:\/\/www.herzladen.ch\/webshop\/#organization\"},\"potentialAction\":[{\"@type\":\"SearchAction\",\"target\":{\"@type\":\"EntryPoint\",\"urlTemplate\":\"https:\/\/www.herzladen.ch\/webshop\/?s={search_term_string}\"},\"query-input\":{\"@type\":\"PropertyValueSpecification\",\"valueRequired\":true,\"valueName\":\"search_term_string\"}}],\"inLanguage\":\"de\"},{\"@type\":\"Organization\",\"@id\":\"https:\/\/www.herzladen.ch\/webshop\/#organization\",\"name\":\"HERZLADEN - Lichtvoll f\u00fcr Mensch, Tier und Mutter Erde - Webshop\",\"url\":\"https:\/\/www.herzladen.ch\/webshop\/\",\"logo\":{\"@type\":\"ImageObject\",\"inLanguage\":\"de\",\"@id\":\"https:\/\/www.herzladen.ch\/webshop\/#\/schema\/logo\/image\/\",\"url\":\"https:\/\/www.herzladen.ch\/webshop\/wp-content\/uploads\/2023\/08\/Logo-Herzladen-scaled.jpg\",\"contentUrl\":\"https:\/\/www.herzladen.ch\/webshop\/wp-content\/uploads\/2023\/08\/Logo-Herzladen-scaled.jpg\",\"width\":2560,\"height\":728,\"caption\":\"HERZLADEN - Lichtvoll f\u00fcr Mensch, Tier und Mutter Erde - Webshop\"},\"image\":{\"@id\":\"https:\/\/www.herzladen.ch\/webshop\/#\/schema\/logo\/image\/\"}}]}<\/script>\n<!-- \/ Yoast SEO plugin. -->","yoast_head_json":{"title":"Hugo - Shampoo Bar - gereizte Kopfhaut - HERZLADEN - Lichtvoll f\u00fcr Mensch, Tier und Mutter Erde - Webshop","robots":{"index":"index","follow":"follow","max-snippet":"max-snippet:-1","max-image-preview":"max-image-preview:large","max-video-preview":"max-video-preview:-1"},"canonical":"https:\/\/www.herzladen.ch\/webshop\/?product=hugo-shampoo-bar","og_locale":"de_DE","og_type":"article","og_title":"Hugo - Shampoo Bar - gereizte Kopfhaut - HERZLADEN - Lichtvoll f\u00fcr Mensch, Tier und Mutter Erde - Webshop","og_description":"F\u00fcr gereizte Kopfhaut Das Hanf\u00f6l ist ideal bei juckender und gereizter Kopfhaut und versorgt die Kopfhaut mit Feuchtigkeit. Vitamine, Mineralstoffe und Ballaststoffe erhalten die Kopfhaut gesund. Die Shea Butter in der Bar reguliert den Feuchtigkeitsgehalt der Haut und wirkt beruhigend. Die Haare werden gl\u00e4nzend und geschmeidig. Duft: frisch, herb, schwer, s\u00fcssInhaltsstoffe: Alkohol, Cetylalkohol, Haarguar, Hanf\u00f6l, [&hellip;]","og_url":"https:\/\/www.herzladen.ch\/webshop\/?product=hugo-shampoo-bar","og_site_name":"HERZLADEN - Lichtvoll f\u00fcr Mensch, Tier und Mutter Erde - Webshop","article_modified_time":"2024-05-08T09:29:22+00:00","og_image":[{"width":550,"height":550,"url":"https:\/\/www.herzladen.ch\/webshop\/wp-content\/uploads\/2023\/09\/129031.jpg","type":"image\/jpeg"}],"twitter_card":"summary_large_image","twitter_misc":{"Gesch\u00e4tzte Lesezeit":"1\u00a0Minute"},"schema":{"@context":"https:\/\/schema.org","@graph":[{"@type":"WebPage","@id":"https:\/\/www.herzladen.ch\/webshop\/?product=hugo-shampoo-bar","url":"https:\/\/www.herzladen.ch\/webshop\/?product=hugo-shampoo-bar","name":"Hugo - Shampoo Bar - gereizte Kopfhaut - HERZLADEN - Lichtvoll f\u00fcr Mensch, Tier und Mutter Erde - Webshop","isPartOf":{"@id":"https:\/\/www.herzladen.ch\/webshop\/#website"},"primaryImageOfPage":{"@id":"https:\/\/www.herzladen.ch\/webshop\/?product=hugo-shampoo-bar#primaryimage"},"image":{"@id":"https:\/\/www.herzladen.ch\/webshop\/?product=hugo-shampoo-bar#primaryimage"},"thumbnailUrl":"https:\/\/www.herzladen.ch\/webshop\/wp-content\/uploads\/2023\/09\/129031.jpg","datePublished":"2023-09-19T06:46:01+00:00","dateModified":"2024-05-08T09:29:22+00:00","breadcrumb":{"@id":"https:\/\/www.herzladen.ch\/webshop\/?product=hugo-shampoo-bar#breadcrumb"},"inLanguage":"de","potentialAction":[{"@type":"ReadAction","target":["https:\/\/www.herzladen.ch\/webshop\/?product=hugo-shampoo-bar"]}]},{"@type":"ImageObject","inLanguage":"de","@id":"https:\/\/www.herzladen.ch\/webshop\/?product=hugo-shampoo-bar#primaryimage","url":"https:\/\/www.herzladen.ch\/webshop\/wp-content\/uploads\/2023\/09\/129031.jpg","contentUrl":"https:\/\/www.herzladen.ch\/webshop\/wp-content\/uploads\/2023\/09\/129031.jpg","width":550,"height":550},{"@type":"BreadcrumbList","@id":"https:\/\/www.herzladen.ch\/webshop\/?product=hugo-shampoo-bar#breadcrumb","itemListElement":[{"@type":"ListItem","position":1,"name":"Startseite","item":"https:\/\/www.herzladen.ch\/webshop\/"},{"@type":"ListItem","position":2,"name":"Shop","item":"https:\/\/www.herzladen.ch\/webshop\/?page_id=5"},{"@type":"ListItem","position":3,"name":"Hugo &#8211; Shampoo Bar &#8211; gereizte Kopfhaut"}]},{"@type":"WebSite","@id":"https:\/\/www.herzladen.ch\/webshop\/#website","url":"https:\/\/www.herzladen.ch\/webshop\/","name":"HERZLADEN - Lichtvoll f\u00fcr Mensch, Tier und Mutter Erde - Webshop","description":"","publisher":{"@id":"https:\/\/www.herzladen.ch\/webshop\/#organization"},"potentialAction":[{"@type":"SearchAction","target":{"@type":"EntryPoint","urlTemplate":"https:\/\/www.herzladen.ch\/webshop\/?s={search_term_string}"},"query-input":{"@type":"PropertyValueSpecification","valueRequired":true,"valueName":"search_term_string"}}],"inLanguage":"de"},{"@type":"Organization","@id":"https:\/\/www.herzladen.ch\/webshop\/#organization","name":"HERZLADEN - Lichtvoll f\u00fcr Mensch, Tier und Mutter Erde - Webshop","url":"https:\/\/www.herzladen.ch\/webshop\/","logo":{"@type":"ImageObject","inLanguage":"de","@id":"https:\/\/www.herzladen.ch\/webshop\/#\/schema\/logo\/image\/","url":"https:\/\/www.herzladen.ch\/webshop\/wp-content\/uploads\/2023\/08\/Logo-Herzladen-scaled.jpg","contentUrl":"https:\/\/www.herzladen.ch\/webshop\/wp-content\/uploads\/2023\/08\/Logo-Herzladen-scaled.jpg","width":2560,"height":728,"caption":"HERZLADEN - Lichtvoll f\u00fcr Mensch, Tier und Mutter Erde - Webshop"},"image":{"@id":"https:\/\/www.herzladen.ch\/webshop\/#\/schema\/logo\/image\/"}}]}},"jetpack_sharing_enabled":true,"_links":{"self":[{"href":"https:\/\/www.herzladen.ch\/webshop\/index.php?rest_route=\/wp\/v2\/product\/129031","targetHints":{"allow":["GET"]}}],"collection":[{"href":"https:\/\/www.herzladen.ch\/webshop\/index.php?rest_route=\/wp\/v2\/product"}],"about":[{"href":"https:\/\/www.herzladen.ch\/webshop\/index.php?rest_route=\/wp\/v2\/types\/product"}],"replies":[{"embeddable":true,"href":"https:\/\/www.herzladen.ch\/webshop\/index.php?rest_route=%2Fwp%2Fv2%2Fcomments&post=129031"}],"wp:featuredmedia":[{"embeddable":true,"href":"https:\/\/www.herzladen.ch\/webshop\/index.php?rest_route=\/wp\/v2\/media\/9783952534843"}],"wp:attachment":[{"href":"https:\/\/www.herzladen.ch\/webshop\/index.php?rest_route=%2Fwp%2Fv2%2Fmedia&parent=129031"}],"wp:term":[{"taxonomy":"product_brand","embeddable":true,"href":"https:\/\/www.herzladen.ch\/webshop\/index.php?rest_route=%2Fwp%2Fv2%2Fproduct_brand&post=129031"},{"taxonomy":"product_cat","embeddable":true,"href":"https:\/\/www.herzladen.ch\/webshop\/index.php?rest_route=%2Fwp%2Fv2%2Fproduct_cat&post=129031"},{"taxonomy":"product_tag","embeddable":true,"href":"https:\/\/www.herzladen.ch\/webshop\/index.php?rest_route=%2Fwp%2Fv2%2Fproduct_tag&post=129031"}],"curies":[{"name":"wp","href":"https:\/\/api.w.org\/{rel}","templated":true}]}}