{"id":129019,"date":"2023-09-19T06:45:44","date_gmt":"2023-09-19T06:45:44","guid":{"rendered":"https:\/\/www.herzladen.ch\/webshop\/?post_type=product&#038;p=129019"},"modified":"2024-05-08T09:29:19","modified_gmt":"2024-05-08T09:29:19","slug":"heidi-shampoo-bar","status":"publish","type":"product","link":"https:\/\/www.herzladen.ch\/webshop\/?product=heidi-shampoo-bar","title":{"rendered":"Heidi &#8211; Shampoo Bar &#8211; normales Haar (Frau)"},"content":{"rendered":"<p>F\u00fcr normales Haar<\/p>\n<p>Mit dem s\u00fcssen Parfumduft der Heidelbeere wird das Haarewaschen zum Erlebnis. Milde Tenside reinigen das Haar, ohne aggressiv zu wirken. Kokos\u00f6l spendet Feuchtigkeit und wirkt stumpfem, spr\u00f6dem Aussehen der Haare entgegen. Mandel\u00f6l verleiht den Haaren einen seidigen Glanz und gl\u00e4ttet br\u00fcchige Spitzen.<\/p>\n<p>Duft: fruchtig, lieblich, s\u00fcss<br \/>Inhaltsstoffe: Alkohol, Cetylalkohol, Haarguar, Heidelbeerpulver, Kurquat, Mandel\u00f6l, Parfum \u00d6l, Sodium Coco Sulfate, Sodium Cocoyl Isethionate, Sucrose Cocoate, Zitronens\u00e4ure, Kokos\u00f6l<br \/>Deklarationspflichtige Allergene: Linalool<\/p>\n","protected":false},"excerpt":{"rendered":"<p>F\u00fcr normales Haar Mit dem s\u00fcssen Parfumduft der Heidelbeere wird das Haarewaschen zum Erlebnis. Milde Tenside reinigen das Haar, ohne aggressiv zu wirken. Kokos\u00f6l spendet Feuchtigkeit und wirkt stumpfem, spr\u00f6dem Aussehen der Haare entgegen. Mandel\u00f6l verleiht den Haaren einen seidigen Glanz und gl\u00e4ttet br\u00fcchige Spitzen. Duft: fruchtig, lieblich, s\u00fcssInhaltsstoffe: Alkohol, Cetylalkohol, Haarguar, Heidelbeerpulver, Kurquat, Mandel\u00f6l, [&hellip;]<\/p>\n","protected":false},"featured_media":9783952534831,"comment_status":"open","ping_status":"closed","template":"","meta":[],"product_brand":[],"product_cat":[114],"product_tag":[125],"class_list":{"0":"post-129019","1":"product","2":"type-product","3":"status-publish","4":"has-post-thumbnail","6":"product_cat-seifen-mensch","7":"product_tag-seifenkiste","9":"first","10":"instock","11":"shipping-taxable","12":"purchasable","13":"product-type-simple"},"yoast_head":"<!-- This site is optimized with the Yoast SEO plugin v26.6 - https:\/\/yoast.com\/wordpress\/plugins\/seo\/ -->\n<title>Heidi - Shampoo Bar - normales Haar (Frau) - HERZLADEN - Lichtvoll f\u00fcr Mensch, Tier und Mutter Erde - Webshop<\/title>\n<meta name=\"robots\" content=\"index, follow, max-snippet:-1, max-image-preview:large, max-video-preview:-1\" \/>\n<link rel=\"canonical\" href=\"https:\/\/www.herzladen.ch\/webshop\/?product=heidi-shampoo-bar\" \/>\n<meta property=\"og:locale\" content=\"de_DE\" \/>\n<meta property=\"og:type\" content=\"article\" \/>\n<meta property=\"og:title\" content=\"Heidi - Shampoo Bar - normales Haar (Frau) - HERZLADEN - Lichtvoll f\u00fcr Mensch, Tier und Mutter Erde - Webshop\" \/>\n<meta property=\"og:description\" content=\"F\u00fcr normales Haar Mit dem s\u00fcssen Parfumduft der Heidelbeere wird das Haarewaschen zum Erlebnis. Milde Tenside reinigen das Haar, ohne aggressiv zu wirken. Kokos\u00f6l spendet Feuchtigkeit und wirkt stumpfem, spr\u00f6dem Aussehen der Haare entgegen. Mandel\u00f6l verleiht den Haaren einen seidigen Glanz und gl\u00e4ttet br\u00fcchige Spitzen. Duft: fruchtig, lieblich, s\u00fcssInhaltsstoffe: Alkohol, Cetylalkohol, Haarguar, Heidelbeerpulver, Kurquat, Mandel\u00f6l, [&hellip;]\" \/>\n<meta property=\"og:url\" content=\"https:\/\/www.herzladen.ch\/webshop\/?product=heidi-shampoo-bar\" \/>\n<meta property=\"og:site_name\" content=\"HERZLADEN - Lichtvoll f\u00fcr Mensch, Tier und Mutter Erde - Webshop\" \/>\n<meta property=\"article:modified_time\" content=\"2024-05-08T09:29:19+00:00\" \/>\n<meta property=\"og:image\" content=\"https:\/\/www.herzladen.ch\/webshop\/wp-content\/uploads\/2023\/09\/129019.jpg\" \/>\n\t<meta property=\"og:image:width\" content=\"550\" \/>\n\t<meta property=\"og:image:height\" content=\"550\" \/>\n\t<meta property=\"og:image:type\" content=\"image\/jpeg\" \/>\n<meta name=\"twitter:card\" content=\"summary_large_image\" \/>\n<script type=\"application\/ld+json\" class=\"yoast-schema-graph\">{\"@context\":\"https:\/\/schema.org\",\"@graph\":[{\"@type\":\"WebPage\",\"@id\":\"https:\/\/www.herzladen.ch\/webshop\/?product=heidi-shampoo-bar\",\"url\":\"https:\/\/www.herzladen.ch\/webshop\/?product=heidi-shampoo-bar\",\"name\":\"Heidi - Shampoo Bar - normales Haar (Frau) - HERZLADEN - Lichtvoll f\u00fcr Mensch, Tier und Mutter Erde - Webshop\",\"isPartOf\":{\"@id\":\"https:\/\/www.herzladen.ch\/webshop\/#website\"},\"primaryImageOfPage\":{\"@id\":\"https:\/\/www.herzladen.ch\/webshop\/?product=heidi-shampoo-bar#primaryimage\"},\"image\":{\"@id\":\"https:\/\/www.herzladen.ch\/webshop\/?product=heidi-shampoo-bar#primaryimage\"},\"thumbnailUrl\":\"https:\/\/www.herzladen.ch\/webshop\/wp-content\/uploads\/2023\/09\/129019.jpg\",\"datePublished\":\"2023-09-19T06:45:44+00:00\",\"dateModified\":\"2024-05-08T09:29:19+00:00\",\"breadcrumb\":{\"@id\":\"https:\/\/www.herzladen.ch\/webshop\/?product=heidi-shampoo-bar#breadcrumb\"},\"inLanguage\":\"de\",\"potentialAction\":[{\"@type\":\"ReadAction\",\"target\":[\"https:\/\/www.herzladen.ch\/webshop\/?product=heidi-shampoo-bar\"]}]},{\"@type\":\"ImageObject\",\"inLanguage\":\"de\",\"@id\":\"https:\/\/www.herzladen.ch\/webshop\/?product=heidi-shampoo-bar#primaryimage\",\"url\":\"https:\/\/www.herzladen.ch\/webshop\/wp-content\/uploads\/2023\/09\/129019.jpg\",\"contentUrl\":\"https:\/\/www.herzladen.ch\/webshop\/wp-content\/uploads\/2023\/09\/129019.jpg\",\"width\":550,\"height\":550},{\"@type\":\"BreadcrumbList\",\"@id\":\"https:\/\/www.herzladen.ch\/webshop\/?product=heidi-shampoo-bar#breadcrumb\",\"itemListElement\":[{\"@type\":\"ListItem\",\"position\":1,\"name\":\"Startseite\",\"item\":\"https:\/\/www.herzladen.ch\/webshop\/\"},{\"@type\":\"ListItem\",\"position\":2,\"name\":\"Shop\",\"item\":\"https:\/\/www.herzladen.ch\/webshop\/?page_id=5\"},{\"@type\":\"ListItem\",\"position\":3,\"name\":\"Heidi &#8211; Shampoo Bar &#8211; normales Haar (Frau)\"}]},{\"@type\":\"WebSite\",\"@id\":\"https:\/\/www.herzladen.ch\/webshop\/#website\",\"url\":\"https:\/\/www.herzladen.ch\/webshop\/\",\"name\":\"HERZLADEN - Lichtvoll f\u00fcr Mensch, Tier und Mutter Erde - Webshop\",\"description\":\"\",\"publisher\":{\"@id\":\"https:\/\/www.herzladen.ch\/webshop\/#organization\"},\"potentialAction\":[{\"@type\":\"SearchAction\",\"target\":{\"@type\":\"EntryPoint\",\"urlTemplate\":\"https:\/\/www.herzladen.ch\/webshop\/?s={search_term_string}\"},\"query-input\":{\"@type\":\"PropertyValueSpecification\",\"valueRequired\":true,\"valueName\":\"search_term_string\"}}],\"inLanguage\":\"de\"},{\"@type\":\"Organization\",\"@id\":\"https:\/\/www.herzladen.ch\/webshop\/#organization\",\"name\":\"HERZLADEN - Lichtvoll f\u00fcr Mensch, Tier und Mutter Erde - Webshop\",\"url\":\"https:\/\/www.herzladen.ch\/webshop\/\",\"logo\":{\"@type\":\"ImageObject\",\"inLanguage\":\"de\",\"@id\":\"https:\/\/www.herzladen.ch\/webshop\/#\/schema\/logo\/image\/\",\"url\":\"https:\/\/www.herzladen.ch\/webshop\/wp-content\/uploads\/2023\/08\/Logo-Herzladen-scaled.jpg\",\"contentUrl\":\"https:\/\/www.herzladen.ch\/webshop\/wp-content\/uploads\/2023\/08\/Logo-Herzladen-scaled.jpg\",\"width\":2560,\"height\":728,\"caption\":\"HERZLADEN - Lichtvoll f\u00fcr Mensch, Tier und Mutter Erde - Webshop\"},\"image\":{\"@id\":\"https:\/\/www.herzladen.ch\/webshop\/#\/schema\/logo\/image\/\"}}]}<\/script>\n<!-- \/ Yoast SEO plugin. -->","yoast_head_json":{"title":"Heidi - Shampoo Bar - normales Haar (Frau) - HERZLADEN - Lichtvoll f\u00fcr Mensch, Tier und Mutter Erde - Webshop","robots":{"index":"index","follow":"follow","max-snippet":"max-snippet:-1","max-image-preview":"max-image-preview:large","max-video-preview":"max-video-preview:-1"},"canonical":"https:\/\/www.herzladen.ch\/webshop\/?product=heidi-shampoo-bar","og_locale":"de_DE","og_type":"article","og_title":"Heidi - Shampoo Bar - normales Haar (Frau) - HERZLADEN - Lichtvoll f\u00fcr Mensch, Tier und Mutter Erde - Webshop","og_description":"F\u00fcr normales Haar Mit dem s\u00fcssen Parfumduft der Heidelbeere wird das Haarewaschen zum Erlebnis. Milde Tenside reinigen das Haar, ohne aggressiv zu wirken. Kokos\u00f6l spendet Feuchtigkeit und wirkt stumpfem, spr\u00f6dem Aussehen der Haare entgegen. Mandel\u00f6l verleiht den Haaren einen seidigen Glanz und gl\u00e4ttet br\u00fcchige Spitzen. Duft: fruchtig, lieblich, s\u00fcssInhaltsstoffe: Alkohol, Cetylalkohol, Haarguar, Heidelbeerpulver, Kurquat, Mandel\u00f6l, [&hellip;]","og_url":"https:\/\/www.herzladen.ch\/webshop\/?product=heidi-shampoo-bar","og_site_name":"HERZLADEN - Lichtvoll f\u00fcr Mensch, Tier und Mutter Erde - Webshop","article_modified_time":"2024-05-08T09:29:19+00:00","og_image":[{"width":550,"height":550,"url":"https:\/\/www.herzladen.ch\/webshop\/wp-content\/uploads\/2023\/09\/129019.jpg","type":"image\/jpeg"}],"twitter_card":"summary_large_image","schema":{"@context":"https:\/\/schema.org","@graph":[{"@type":"WebPage","@id":"https:\/\/www.herzladen.ch\/webshop\/?product=heidi-shampoo-bar","url":"https:\/\/www.herzladen.ch\/webshop\/?product=heidi-shampoo-bar","name":"Heidi - Shampoo Bar - normales Haar (Frau) - HERZLADEN - Lichtvoll f\u00fcr Mensch, Tier und Mutter Erde - Webshop","isPartOf":{"@id":"https:\/\/www.herzladen.ch\/webshop\/#website"},"primaryImageOfPage":{"@id":"https:\/\/www.herzladen.ch\/webshop\/?product=heidi-shampoo-bar#primaryimage"},"image":{"@id":"https:\/\/www.herzladen.ch\/webshop\/?product=heidi-shampoo-bar#primaryimage"},"thumbnailUrl":"https:\/\/www.herzladen.ch\/webshop\/wp-content\/uploads\/2023\/09\/129019.jpg","datePublished":"2023-09-19T06:45:44+00:00","dateModified":"2024-05-08T09:29:19+00:00","breadcrumb":{"@id":"https:\/\/www.herzladen.ch\/webshop\/?product=heidi-shampoo-bar#breadcrumb"},"inLanguage":"de","potentialAction":[{"@type":"ReadAction","target":["https:\/\/www.herzladen.ch\/webshop\/?product=heidi-shampoo-bar"]}]},{"@type":"ImageObject","inLanguage":"de","@id":"https:\/\/www.herzladen.ch\/webshop\/?product=heidi-shampoo-bar#primaryimage","url":"https:\/\/www.herzladen.ch\/webshop\/wp-content\/uploads\/2023\/09\/129019.jpg","contentUrl":"https:\/\/www.herzladen.ch\/webshop\/wp-content\/uploads\/2023\/09\/129019.jpg","width":550,"height":550},{"@type":"BreadcrumbList","@id":"https:\/\/www.herzladen.ch\/webshop\/?product=heidi-shampoo-bar#breadcrumb","itemListElement":[{"@type":"ListItem","position":1,"name":"Startseite","item":"https:\/\/www.herzladen.ch\/webshop\/"},{"@type":"ListItem","position":2,"name":"Shop","item":"https:\/\/www.herzladen.ch\/webshop\/?page_id=5"},{"@type":"ListItem","position":3,"name":"Heidi &#8211; Shampoo Bar &#8211; normales Haar (Frau)"}]},{"@type":"WebSite","@id":"https:\/\/www.herzladen.ch\/webshop\/#website","url":"https:\/\/www.herzladen.ch\/webshop\/","name":"HERZLADEN - Lichtvoll f\u00fcr Mensch, Tier und Mutter Erde - Webshop","description":"","publisher":{"@id":"https:\/\/www.herzladen.ch\/webshop\/#organization"},"potentialAction":[{"@type":"SearchAction","target":{"@type":"EntryPoint","urlTemplate":"https:\/\/www.herzladen.ch\/webshop\/?s={search_term_string}"},"query-input":{"@type":"PropertyValueSpecification","valueRequired":true,"valueName":"search_term_string"}}],"inLanguage":"de"},{"@type":"Organization","@id":"https:\/\/www.herzladen.ch\/webshop\/#organization","name":"HERZLADEN - Lichtvoll f\u00fcr Mensch, Tier und Mutter Erde - Webshop","url":"https:\/\/www.herzladen.ch\/webshop\/","logo":{"@type":"ImageObject","inLanguage":"de","@id":"https:\/\/www.herzladen.ch\/webshop\/#\/schema\/logo\/image\/","url":"https:\/\/www.herzladen.ch\/webshop\/wp-content\/uploads\/2023\/08\/Logo-Herzladen-scaled.jpg","contentUrl":"https:\/\/www.herzladen.ch\/webshop\/wp-content\/uploads\/2023\/08\/Logo-Herzladen-scaled.jpg","width":2560,"height":728,"caption":"HERZLADEN - Lichtvoll f\u00fcr Mensch, Tier und Mutter Erde - Webshop"},"image":{"@id":"https:\/\/www.herzladen.ch\/webshop\/#\/schema\/logo\/image\/"}}]}},"jetpack_sharing_enabled":true,"_links":{"self":[{"href":"https:\/\/www.herzladen.ch\/webshop\/index.php?rest_route=\/wp\/v2\/product\/129019","targetHints":{"allow":["GET"]}}],"collection":[{"href":"https:\/\/www.herzladen.ch\/webshop\/index.php?rest_route=\/wp\/v2\/product"}],"about":[{"href":"https:\/\/www.herzladen.ch\/webshop\/index.php?rest_route=\/wp\/v2\/types\/product"}],"replies":[{"embeddable":true,"href":"https:\/\/www.herzladen.ch\/webshop\/index.php?rest_route=%2Fwp%2Fv2%2Fcomments&post=129019"}],"wp:featuredmedia":[{"embeddable":true,"href":"https:\/\/www.herzladen.ch\/webshop\/index.php?rest_route=\/wp\/v2\/media\/9783952534831"}],"wp:attachment":[{"href":"https:\/\/www.herzladen.ch\/webshop\/index.php?rest_route=%2Fwp%2Fv2%2Fmedia&parent=129019"}],"wp:term":[{"taxonomy":"product_brand","embeddable":true,"href":"https:\/\/www.herzladen.ch\/webshop\/index.php?rest_route=%2Fwp%2Fv2%2Fproduct_brand&post=129019"},{"taxonomy":"product_cat","embeddable":true,"href":"https:\/\/www.herzladen.ch\/webshop\/index.php?rest_route=%2Fwp%2Fv2%2Fproduct_cat&post=129019"},{"taxonomy":"product_tag","embeddable":true,"href":"https:\/\/www.herzladen.ch\/webshop\/index.php?rest_route=%2Fwp%2Fv2%2Fproduct_tag&post=129019"}],"curies":[{"name":"wp","href":"https:\/\/api.w.org\/{rel}","templated":true}]}}