{"id":129015,"date":"2023-09-19T06:39:13","date_gmt":"2023-09-19T06:39:13","guid":{"rendered":"https:\/\/www.herzladen.ch\/webshop\/?post_type=product&#038;p=129015"},"modified":"2024-05-08T09:29:19","modified_gmt":"2024-05-08T09:29:19","slug":"naturseife-goldener-charly","status":"publish","type":"product","link":"https:\/\/www.herzladen.ch\/webshop\/?product=naturseife-goldener-charly","title":{"rendered":"Naturseife &#8222;Goldener Charly&#8220; &#8211; Ganzk\u00f6rper"},"content":{"rendered":"<p>Der spezielle mit goldenem Eco Glitter&#8230;<\/p>\n<p>Die Aktivkohle wird durch ihre reinigende Wirkung eingesetzt. Sie verbessert das Hautbild, bindet Schmutz, Bakterien und Talg. Gleichzeitig peelt sie die Haut gleichzeitig.<br \/>Die Seife kann gut f\u00fcr das Gesicht, sowie f\u00fcr den ganzen K\u00f6rper eingesetzt werden.<br \/>Sie sch\u00e4umt grau, hinterl\u00e4sst aber keine Spuren im Bad.<\/p>\n<p>Duft: fein, frisch, klar, spritzig<br \/>Inhaltsstoffe: Aktivkohle, Eco Glitter, Kokos\u00f6l, Macadamia \u00d6l, Mandel\u00f6l, Natriumhydroxid, Sheabutter, \u00c4therische \u00d6le<br \/>\u00c4therische \u00d6le: Bergamotte, Grapefruit, Mandarine, Patchouli, Zitrone<br \/>Deklarationspflichtige Allergene: Citral, Limonene, Linalool<br \/>\u00dcberfettung: 10 %<\/p>\n","protected":false},"excerpt":{"rendered":"<p>Der spezielle mit goldenem Eco Glitter&#8230; Die Aktivkohle wird durch ihre reinigende Wirkung eingesetzt. Sie verbessert das Hautbild, bindet Schmutz, Bakterien und Talg. Gleichzeitig peelt sie die Haut gleichzeitig.Die Seife kann gut f\u00fcr das Gesicht, sowie f\u00fcr den ganzen K\u00f6rper eingesetzt werden.Sie sch\u00e4umt grau, hinterl\u00e4sst aber keine Spuren im Bad. Duft: fein, frisch, klar, spritzigInhaltsstoffe: [&hellip;]<\/p>\n","protected":false},"featured_media":9783952534827,"comment_status":"open","ping_status":"closed","template":"","meta":[],"product_brand":[],"product_cat":[114],"product_tag":[125],"class_list":{"0":"post-129015","1":"product","2":"type-product","3":"status-publish","4":"has-post-thumbnail","6":"product_cat-seifen-mensch","7":"product_tag-seifenkiste","9":"first","10":"instock","11":"shipping-taxable","12":"purchasable","13":"product-type-simple"},"yoast_head":"<!-- This site is optimized with the Yoast SEO plugin v26.6 - https:\/\/yoast.com\/wordpress\/plugins\/seo\/ -->\n<title>Naturseife &quot;Goldener Charly&quot; - Ganzk\u00f6rper - HERZLADEN - Lichtvoll f\u00fcr Mensch, Tier und Mutter Erde - Webshop<\/title>\n<meta name=\"robots\" content=\"index, follow, max-snippet:-1, max-image-preview:large, max-video-preview:-1\" \/>\n<link rel=\"canonical\" href=\"https:\/\/www.herzladen.ch\/webshop\/?product=naturseife-goldener-charly\" \/>\n<meta property=\"og:locale\" content=\"de_DE\" \/>\n<meta property=\"og:type\" content=\"article\" \/>\n<meta property=\"og:title\" content=\"Naturseife &quot;Goldener Charly&quot; - Ganzk\u00f6rper - HERZLADEN - Lichtvoll f\u00fcr Mensch, Tier und Mutter Erde - Webshop\" \/>\n<meta property=\"og:description\" content=\"Der spezielle mit goldenem Eco Glitter&#8230; Die Aktivkohle wird durch ihre reinigende Wirkung eingesetzt. Sie verbessert das Hautbild, bindet Schmutz, Bakterien und Talg. Gleichzeitig peelt sie die Haut gleichzeitig.Die Seife kann gut f\u00fcr das Gesicht, sowie f\u00fcr den ganzen K\u00f6rper eingesetzt werden.Sie sch\u00e4umt grau, hinterl\u00e4sst aber keine Spuren im Bad. Duft: fein, frisch, klar, spritzigInhaltsstoffe: [&hellip;]\" \/>\n<meta property=\"og:url\" content=\"https:\/\/www.herzladen.ch\/webshop\/?product=naturseife-goldener-charly\" \/>\n<meta property=\"og:site_name\" content=\"HERZLADEN - Lichtvoll f\u00fcr Mensch, Tier und Mutter Erde - Webshop\" \/>\n<meta property=\"article:modified_time\" content=\"2024-05-08T09:29:19+00:00\" \/>\n<meta property=\"og:image\" content=\"https:\/\/www.herzladen.ch\/webshop\/wp-content\/uploads\/2023\/09\/129015.jpg\" \/>\n\t<meta property=\"og:image:width\" content=\"550\" \/>\n\t<meta property=\"og:image:height\" content=\"550\" \/>\n\t<meta property=\"og:image:type\" content=\"image\/jpeg\" \/>\n<meta name=\"twitter:card\" content=\"summary_large_image\" \/>\n<script type=\"application\/ld+json\" class=\"yoast-schema-graph\">{\"@context\":\"https:\/\/schema.org\",\"@graph\":[{\"@type\":\"WebPage\",\"@id\":\"https:\/\/www.herzladen.ch\/webshop\/?product=naturseife-goldener-charly\",\"url\":\"https:\/\/www.herzladen.ch\/webshop\/?product=naturseife-goldener-charly\",\"name\":\"Naturseife \\\"Goldener Charly\\\" - Ganzk\u00f6rper - HERZLADEN - Lichtvoll f\u00fcr Mensch, Tier und Mutter Erde - Webshop\",\"isPartOf\":{\"@id\":\"https:\/\/www.herzladen.ch\/webshop\/#website\"},\"primaryImageOfPage\":{\"@id\":\"https:\/\/www.herzladen.ch\/webshop\/?product=naturseife-goldener-charly#primaryimage\"},\"image\":{\"@id\":\"https:\/\/www.herzladen.ch\/webshop\/?product=naturseife-goldener-charly#primaryimage\"},\"thumbnailUrl\":\"https:\/\/www.herzladen.ch\/webshop\/wp-content\/uploads\/2023\/09\/129015.jpg\",\"datePublished\":\"2023-09-19T06:39:13+00:00\",\"dateModified\":\"2024-05-08T09:29:19+00:00\",\"breadcrumb\":{\"@id\":\"https:\/\/www.herzladen.ch\/webshop\/?product=naturseife-goldener-charly#breadcrumb\"},\"inLanguage\":\"de\",\"potentialAction\":[{\"@type\":\"ReadAction\",\"target\":[\"https:\/\/www.herzladen.ch\/webshop\/?product=naturseife-goldener-charly\"]}]},{\"@type\":\"ImageObject\",\"inLanguage\":\"de\",\"@id\":\"https:\/\/www.herzladen.ch\/webshop\/?product=naturseife-goldener-charly#primaryimage\",\"url\":\"https:\/\/www.herzladen.ch\/webshop\/wp-content\/uploads\/2023\/09\/129015.jpg\",\"contentUrl\":\"https:\/\/www.herzladen.ch\/webshop\/wp-content\/uploads\/2023\/09\/129015.jpg\",\"width\":550,\"height\":550},{\"@type\":\"BreadcrumbList\",\"@id\":\"https:\/\/www.herzladen.ch\/webshop\/?product=naturseife-goldener-charly#breadcrumb\",\"itemListElement\":[{\"@type\":\"ListItem\",\"position\":1,\"name\":\"Startseite\",\"item\":\"https:\/\/www.herzladen.ch\/webshop\/\"},{\"@type\":\"ListItem\",\"position\":2,\"name\":\"Shop\",\"item\":\"https:\/\/www.herzladen.ch\/webshop\/?page_id=5\"},{\"@type\":\"ListItem\",\"position\":3,\"name\":\"Naturseife &#8220;Goldener Charly&#8221; &#8211; Ganzk\u00f6rper\"}]},{\"@type\":\"WebSite\",\"@id\":\"https:\/\/www.herzladen.ch\/webshop\/#website\",\"url\":\"https:\/\/www.herzladen.ch\/webshop\/\",\"name\":\"HERZLADEN - Lichtvoll f\u00fcr Mensch, Tier und Mutter Erde - Webshop\",\"description\":\"\",\"publisher\":{\"@id\":\"https:\/\/www.herzladen.ch\/webshop\/#organization\"},\"potentialAction\":[{\"@type\":\"SearchAction\",\"target\":{\"@type\":\"EntryPoint\",\"urlTemplate\":\"https:\/\/www.herzladen.ch\/webshop\/?s={search_term_string}\"},\"query-input\":{\"@type\":\"PropertyValueSpecification\",\"valueRequired\":true,\"valueName\":\"search_term_string\"}}],\"inLanguage\":\"de\"},{\"@type\":\"Organization\",\"@id\":\"https:\/\/www.herzladen.ch\/webshop\/#organization\",\"name\":\"HERZLADEN - Lichtvoll f\u00fcr Mensch, Tier und Mutter Erde - Webshop\",\"url\":\"https:\/\/www.herzladen.ch\/webshop\/\",\"logo\":{\"@type\":\"ImageObject\",\"inLanguage\":\"de\",\"@id\":\"https:\/\/www.herzladen.ch\/webshop\/#\/schema\/logo\/image\/\",\"url\":\"https:\/\/www.herzladen.ch\/webshop\/wp-content\/uploads\/2023\/08\/Logo-Herzladen-scaled.jpg\",\"contentUrl\":\"https:\/\/www.herzladen.ch\/webshop\/wp-content\/uploads\/2023\/08\/Logo-Herzladen-scaled.jpg\",\"width\":2560,\"height\":728,\"caption\":\"HERZLADEN - Lichtvoll f\u00fcr Mensch, Tier und Mutter Erde - Webshop\"},\"image\":{\"@id\":\"https:\/\/www.herzladen.ch\/webshop\/#\/schema\/logo\/image\/\"}}]}<\/script>\n<!-- \/ Yoast SEO plugin. -->","yoast_head_json":{"title":"Naturseife \"Goldener Charly\" - Ganzk\u00f6rper - HERZLADEN - Lichtvoll f\u00fcr Mensch, Tier und Mutter Erde - Webshop","robots":{"index":"index","follow":"follow","max-snippet":"max-snippet:-1","max-image-preview":"max-image-preview:large","max-video-preview":"max-video-preview:-1"},"canonical":"https:\/\/www.herzladen.ch\/webshop\/?product=naturseife-goldener-charly","og_locale":"de_DE","og_type":"article","og_title":"Naturseife \"Goldener Charly\" - Ganzk\u00f6rper - HERZLADEN - Lichtvoll f\u00fcr Mensch, Tier und Mutter Erde - Webshop","og_description":"Der spezielle mit goldenem Eco Glitter&#8230; Die Aktivkohle wird durch ihre reinigende Wirkung eingesetzt. Sie verbessert das Hautbild, bindet Schmutz, Bakterien und Talg. Gleichzeitig peelt sie die Haut gleichzeitig.Die Seife kann gut f\u00fcr das Gesicht, sowie f\u00fcr den ganzen K\u00f6rper eingesetzt werden.Sie sch\u00e4umt grau, hinterl\u00e4sst aber keine Spuren im Bad. Duft: fein, frisch, klar, spritzigInhaltsstoffe: [&hellip;]","og_url":"https:\/\/www.herzladen.ch\/webshop\/?product=naturseife-goldener-charly","og_site_name":"HERZLADEN - Lichtvoll f\u00fcr Mensch, Tier und Mutter Erde - Webshop","article_modified_time":"2024-05-08T09:29:19+00:00","og_image":[{"width":550,"height":550,"url":"https:\/\/www.herzladen.ch\/webshop\/wp-content\/uploads\/2023\/09\/129015.jpg","type":"image\/jpeg"}],"twitter_card":"summary_large_image","schema":{"@context":"https:\/\/schema.org","@graph":[{"@type":"WebPage","@id":"https:\/\/www.herzladen.ch\/webshop\/?product=naturseife-goldener-charly","url":"https:\/\/www.herzladen.ch\/webshop\/?product=naturseife-goldener-charly","name":"Naturseife \"Goldener Charly\" - Ganzk\u00f6rper - HERZLADEN - Lichtvoll f\u00fcr Mensch, Tier und Mutter Erde - Webshop","isPartOf":{"@id":"https:\/\/www.herzladen.ch\/webshop\/#website"},"primaryImageOfPage":{"@id":"https:\/\/www.herzladen.ch\/webshop\/?product=naturseife-goldener-charly#primaryimage"},"image":{"@id":"https:\/\/www.herzladen.ch\/webshop\/?product=naturseife-goldener-charly#primaryimage"},"thumbnailUrl":"https:\/\/www.herzladen.ch\/webshop\/wp-content\/uploads\/2023\/09\/129015.jpg","datePublished":"2023-09-19T06:39:13+00:00","dateModified":"2024-05-08T09:29:19+00:00","breadcrumb":{"@id":"https:\/\/www.herzladen.ch\/webshop\/?product=naturseife-goldener-charly#breadcrumb"},"inLanguage":"de","potentialAction":[{"@type":"ReadAction","target":["https:\/\/www.herzladen.ch\/webshop\/?product=naturseife-goldener-charly"]}]},{"@type":"ImageObject","inLanguage":"de","@id":"https:\/\/www.herzladen.ch\/webshop\/?product=naturseife-goldener-charly#primaryimage","url":"https:\/\/www.herzladen.ch\/webshop\/wp-content\/uploads\/2023\/09\/129015.jpg","contentUrl":"https:\/\/www.herzladen.ch\/webshop\/wp-content\/uploads\/2023\/09\/129015.jpg","width":550,"height":550},{"@type":"BreadcrumbList","@id":"https:\/\/www.herzladen.ch\/webshop\/?product=naturseife-goldener-charly#breadcrumb","itemListElement":[{"@type":"ListItem","position":1,"name":"Startseite","item":"https:\/\/www.herzladen.ch\/webshop\/"},{"@type":"ListItem","position":2,"name":"Shop","item":"https:\/\/www.herzladen.ch\/webshop\/?page_id=5"},{"@type":"ListItem","position":3,"name":"Naturseife &#8220;Goldener Charly&#8221; &#8211; Ganzk\u00f6rper"}]},{"@type":"WebSite","@id":"https:\/\/www.herzladen.ch\/webshop\/#website","url":"https:\/\/www.herzladen.ch\/webshop\/","name":"HERZLADEN - Lichtvoll f\u00fcr Mensch, Tier und Mutter Erde - Webshop","description":"","publisher":{"@id":"https:\/\/www.herzladen.ch\/webshop\/#organization"},"potentialAction":[{"@type":"SearchAction","target":{"@type":"EntryPoint","urlTemplate":"https:\/\/www.herzladen.ch\/webshop\/?s={search_term_string}"},"query-input":{"@type":"PropertyValueSpecification","valueRequired":true,"valueName":"search_term_string"}}],"inLanguage":"de"},{"@type":"Organization","@id":"https:\/\/www.herzladen.ch\/webshop\/#organization","name":"HERZLADEN - Lichtvoll f\u00fcr Mensch, Tier und Mutter Erde - Webshop","url":"https:\/\/www.herzladen.ch\/webshop\/","logo":{"@type":"ImageObject","inLanguage":"de","@id":"https:\/\/www.herzladen.ch\/webshop\/#\/schema\/logo\/image\/","url":"https:\/\/www.herzladen.ch\/webshop\/wp-content\/uploads\/2023\/08\/Logo-Herzladen-scaled.jpg","contentUrl":"https:\/\/www.herzladen.ch\/webshop\/wp-content\/uploads\/2023\/08\/Logo-Herzladen-scaled.jpg","width":2560,"height":728,"caption":"HERZLADEN - Lichtvoll f\u00fcr Mensch, Tier und Mutter Erde - Webshop"},"image":{"@id":"https:\/\/www.herzladen.ch\/webshop\/#\/schema\/logo\/image\/"}}]}},"jetpack_sharing_enabled":true,"_links":{"self":[{"href":"https:\/\/www.herzladen.ch\/webshop\/index.php?rest_route=\/wp\/v2\/product\/129015","targetHints":{"allow":["GET"]}}],"collection":[{"href":"https:\/\/www.herzladen.ch\/webshop\/index.php?rest_route=\/wp\/v2\/product"}],"about":[{"href":"https:\/\/www.herzladen.ch\/webshop\/index.php?rest_route=\/wp\/v2\/types\/product"}],"replies":[{"embeddable":true,"href":"https:\/\/www.herzladen.ch\/webshop\/index.php?rest_route=%2Fwp%2Fv2%2Fcomments&post=129015"}],"wp:featuredmedia":[{"embeddable":true,"href":"https:\/\/www.herzladen.ch\/webshop\/index.php?rest_route=\/wp\/v2\/media\/9783952534827"}],"wp:attachment":[{"href":"https:\/\/www.herzladen.ch\/webshop\/index.php?rest_route=%2Fwp%2Fv2%2Fmedia&parent=129015"}],"wp:term":[{"taxonomy":"product_brand","embeddable":true,"href":"https:\/\/www.herzladen.ch\/webshop\/index.php?rest_route=%2Fwp%2Fv2%2Fproduct_brand&post=129015"},{"taxonomy":"product_cat","embeddable":true,"href":"https:\/\/www.herzladen.ch\/webshop\/index.php?rest_route=%2Fwp%2Fv2%2Fproduct_cat&post=129015"},{"taxonomy":"product_tag","embeddable":true,"href":"https:\/\/www.herzladen.ch\/webshop\/index.php?rest_route=%2Fwp%2Fv2%2Fproduct_tag&post=129015"}],"curies":[{"name":"wp","href":"https:\/\/api.w.org\/{rel}","templated":true}]}}